{"id":826,"date":"2025-04-26T20:49:37","date_gmt":"2025-04-26T18:49:37","guid":{"rendered":"http:\/\/zzzjordi.com.mialias.net\/catalogo-artistico-catalogo-cacim\/piolet-swing\/"},"modified":"2025-08-30T12:46:17","modified_gmt":"2025-08-30T10:46:17","slug":"piolet-swing","status":"publish","type":"page","link":"https:\/\/www.manangelment.com\/es\/catalogo-artistico-catalogo-cacim\/piolet-swing\/","title":{"rendered":"Piolet Swing"},"content":{"rendered":"<p>[et_pb_section fb_built=\u00bb1&#8243; _builder_version=\u00bb4.27.4&#8243; _module_preset=\u00bbdefault\u00bb global_colors_info=\u00bb{}\u00bb theme_builder_area=\u00bbpost_content\u00bb][et_pb_row _builder_version=\u00bb4.27.4&#8243; _module_preset=\u00bbdefault\u00bb global_colors_info=\u00bb{}\u00bb theme_builder_area=\u00bbpost_content\u00bb][et_pb_column type=\u00bb4_4&#8243; _builder_version=\u00bb4.27.4&#8243; _module_preset=\u00bbdefault\u00bb global_colors_info=\u00bb{}\u00bb theme_builder_area=\u00bbpost_content\u00bb][et_pb_text _builder_version=\u00bb4.27.4&#8243; _module_preset=\u00bbdefault\u00bb text_font=\u00bb|800|||||||\u00bb text_line_height=\u00bb1em\u00bb header_font=\u00bb|800||on|||||\u00bb header_font_size=\u00bb70px\u00bb width=\u00bb100%\u00bb max_width=\u00bb100%\u00bb min_height=\u00bb100px\u00bb hover_enabled=\u00bb0&#8243; global_colors_info=\u00bb{}\u00bb theme_builder_area=\u00bbpost_content\u00bb sticky_enabled=\u00bb0&#8243;]<\/p>\n<h1 class=\"mb-1\">PIOLET SWING<\/h1>\n<p>[\/et_pb_text][et_pb_image src=\u00bbhttps:\/\/www.manangelment.com\/wp-content\/uploads\/2025\/04\/piolet.jpg\u00bb title_text=\u00bbpiolet\u00bb _builder_version=\u00bb4.27.4&#8243; _module_preset=\u00bbdefault\u00bb hover_enabled=\u00bb0&#8243; global_colors_info=\u00bb{}\u00bb theme_builder_area=\u00bbpost_content\u00bb sticky_enabled=\u00bb0&#8243;][\/et_pb_image][\/et_pb_column][\/et_pb_row][et_pb_row column_structure=\u00bb1_2,1_2&#8243; _builder_version=\u00bb4.27.4&#8243; _module_preset=\u00bbdefault\u00bb global_colors_info=\u00bb{}\u00bb theme_builder_area=\u00bbpost_content\u00bb][et_pb_column type=\u00bb1_2&#8243; _builder_version=\u00bb4.27.4&#8243; _module_preset=\u00bbdefault\u00bb global_colors_info=\u00bb{}\u00bb theme_builder_area=\u00bbpost_content\u00bb][et_pb_text _builder_version=\u00bb4.27.4&#8243; _module_preset=\u00bbdefault\u00bb hover_enabled=\u00bb0&#8243; global_colors_info=\u00bb{}\u00bb theme_builder_area=\u00bbpost_content\u00bb sticky_enabled=\u00bb0&#8243;]<\/p>\n<p>El grupo explora los terrenos del Jazz Manouche, Dixieland Swing y Rhythm &amp; Blues, abarcando as\u00ed repertorio de compositores como Django Reinhardt, Louis Armstrong, Louis Prima, Cab Calloway, Fats Waller, Paul McCartney, Chuck Berry, entre otros.<\/p>\n<p>Piolet Swing ofrece un repertorio equilibrado entre temas cantados e instrumentales, pensado para todo tipo de gustos y ocasiones: bodas, fiestas privadas, reuniones, clases de baile swing, cenas, etc. El grupo tiene la versatilidad de adaptarse tanto a eventos multitudinarios (hasta 150 personas) como a celebraciones \u00edntimas. Todos los instrumentos utilizados son ac\u00fasticos, por lo que tambi\u00e9n se ofrecen conciertos completamente ac\u00fasticos, sin necesidad de amplificaci\u00f3n.  <\/p>\n<p>Interpreta (en varios casos) de manera detallada los arreglos de los compositores que abarca, ejecutando as\u00ed versiones transcritas directamente de la pieza original, y al mismo tiempo versiones propias llenas de improvisaci\u00f3n y espontaneidad.<\/p>\n<p>[\/et_pb_text][\/et_pb_column][et_pb_column type=\u00bb1_2&#8243; _builder_version=\u00bb4.27.4&#8243; _module_preset=\u00bbdefault\u00bb global_colors_info=\u00bb{}\u00bb theme_builder_area=\u00bbpost_content\u00bb][et_pb_video _builder_version=\u00bb4.27.4&#8243; _module_preset=\u00bbdefault\u00bb hover_enabled=\u00bb0&#8243; global_colors_info=\u00bb{}\u00bb theme_builder_area=\u00bbpost_content\u00bb src=\u00bbhttps:\/\/youtu.be\/u-DVuedGK88?si=BFLb-HnGaaWEBUNT\u00bb sticky_enabled=\u00bb0&#8243;][\/et_pb_video][et_pb_button button_url=\u00bbhttps:\/\/zzzjordi.com.mialias.net\/wp-content\/uploads\/2019\/09\/piolet-swingfinal.pdf\u00bb url_new_window=\u00bbon\u00bb button_text=\u00bbDosier\u00bb _builder_version=\u00bb4.27.4&#8243; _module_preset=\u00bbdefault\u00bb hover_enabled=\u00bb0&#8243; global_colors_info=\u00bb{}\u00bb theme_builder_area=\u00bbpost_content\u00bb sticky_enabled=\u00bb0&#8243;][\/et_pb_button][et_pb_social_media_follow icon_color=\u00bb#FFFFFF\u00bb use_icon_font_size=\u00bbon\u00bb icon_font_size=\u00bb15px\u00bb _builder_version=\u00bb4.27.4&#8243; _module_preset=\u00bbdefault\u00bb filter_saturate=\u00bb0%\u00bb filter_contrast=\u00bb200%\u00bb hover_enabled=\u00bb0&#8243; global_colors_info=\u00bb{}\u00bb theme_builder_area=\u00bbpost_content\u00bb sticky_enabled=\u00bb0&#8243;][et_pb_social_media_follow_network social_network=\u00bbfacebook\u00bb url=\u00bbhttps:\/\/www.facebook.com\/people\/Piolet-Swing\/100063570621371\/#\u00bb _builder_version=\u00bb4.27.4&#8243; _module_preset=\u00bbdefault\u00bb background_color=\u00bb#3b5998&#8243; hover_enabled=\u00bb0&#8243; global_colors_info=\u00bb{}\u00bb theme_builder_area=\u00bbpost_content\u00bb follow_button=\u00bboff\u00bb url_new_window=\u00bbon\u00bb sticky_enabled=\u00bb0&#8243;]facebook[\/et_pb_social_media_follow_network][et_pb_social_media_follow_network social_network=\u00bbyoutube\u00bb url=\u00bbhttps:\/\/www.youtube.com\/@pioletswing2010&#8243; _builder_version=\u00bb4.27.4&#8243; _module_preset=\u00bbdefault\u00bb background_color=\u00bb#a82400&#8243; hover_enabled=\u00bb0&#8243; global_colors_info=\u00bb{}\u00bb theme_builder_area=\u00bbpost_content\u00bb follow_button=\u00bboff\u00bb url_new_window=\u00bbon\u00bb sticky_enabled=\u00bb0&#8243;]youtube[\/et_pb_social_media_follow_network][\/et_pb_social_media_follow][\/et_pb_column][\/et_pb_row][\/et_pb_section]<\/p>\n","protected":false},"excerpt":{"rendered":"<p>Piolet Swing es un grupo que explora el jazz manouche, el dixieland swing y el rhythm &amp; blues, interpretando compositores como Django Reinhardt o Louis Armstrong. Con instrumentos ac\u00fasticos y un repertorio equilibrado entre canciones y temas instrumentales, ofrecen conciertos adaptables tanto para grandes eventos como para actos \u00edntimos. <\/p>\n","protected":false},"author":2,"featured_media":379,"parent":706,"menu_order":0,"comment_status":"closed","ping_status":"closed","template":"","meta":{"_acf_changed":false,"_et_pb_use_builder":"on","_et_pb_old_content":"","_et_gb_content_width":"","footnotes":""},"categories":[18],"tags":[],"class_list":["post-826","page","type-page","status-publish","has-post-thumbnail","hentry","category-catalogo-jazz"],"acf":[],"_links":{"self":[{"href":"https:\/\/www.manangelment.com\/es\/wp-json\/wp\/v2\/pages\/826","targetHints":{"allow":["GET"]}}],"collection":[{"href":"https:\/\/www.manangelment.com\/es\/wp-json\/wp\/v2\/pages"}],"about":[{"href":"https:\/\/www.manangelment.com\/es\/wp-json\/wp\/v2\/types\/page"}],"author":[{"embeddable":true,"href":"https:\/\/www.manangelment.com\/es\/wp-json\/wp\/v2\/users\/2"}],"replies":[{"embeddable":true,"href":"https:\/\/www.manangelment.com\/es\/wp-json\/wp\/v2\/comments?post=826"}],"version-history":[{"count":3,"href":"https:\/\/www.manangelment.com\/es\/wp-json\/wp\/v2\/pages\/826\/revisions"}],"predecessor-version":[{"id":944,"href":"https:\/\/www.manangelment.com\/es\/wp-json\/wp\/v2\/pages\/826\/revisions\/944"}],"up":[{"embeddable":true,"href":"https:\/\/www.manangelment.com\/es\/wp-json\/wp\/v2\/pages\/706"}],"wp:featuredmedia":[{"embeddable":true,"href":"https:\/\/www.manangelment.com\/es\/wp-json\/wp\/v2\/media\/379"}],"wp:attachment":[{"href":"https:\/\/www.manangelment.com\/es\/wp-json\/wp\/v2\/media?parent=826"}],"wp:term":[{"taxonomy":"category","embeddable":true,"href":"https:\/\/www.manangelment.com\/es\/wp-json\/wp\/v2\/categories?post=826"},{"taxonomy":"post_tag","embeddable":true,"href":"https:\/\/www.manangelment.com\/es\/wp-json\/wp\/v2\/tags?post=826"}],"curies":[{"name":"wp","href":"https:\/\/api.w.org\/{rel}","templated":true}]}}