{"id":823,"date":"2025-04-25T15:08:47","date_gmt":"2025-04-25T13:08:47","guid":{"rendered":"http:\/\/zzzjordi.com.mialias.net\/catalogo-artistico-catalogo-cacim\/pere-davila-canvas\/"},"modified":"2025-08-30T12:45:51","modified_gmt":"2025-08-30T10:45:51","slug":"pere-davila-canvas","status":"publish","type":"page","link":"https:\/\/www.manangelment.com\/es\/catalogo-artistico-catalogo-cacim\/pere-davila-canvas\/","title":{"rendered":"Pere D\u00e1vila \u00abCanvas\u00bb"},"content":{"rendered":"<p>[et_pb_section fb_built=\u00bb1&#8243; _builder_version=\u00bb4.27.4&#8243; _module_preset=\u00bbdefault\u00bb global_colors_info=\u00bb{}\u00bb theme_builder_area=\u00bbpost_content\u00bb][et_pb_row _builder_version=\u00bb4.27.4&#8243; _module_preset=\u00bbdefault\u00bb global_colors_info=\u00bb{}\u00bb theme_builder_area=\u00bbpost_content\u00bb][et_pb_column type=\u00bb4_4&#8243; _builder_version=\u00bb4.27.4&#8243; _module_preset=\u00bbdefault\u00bb global_colors_info=\u00bb{}\u00bb theme_builder_area=\u00bbpost_content\u00bb][et_pb_text _builder_version=\u00bb4.27.4&#8243; _module_preset=\u00bbdefault\u00bb text_font=\u00bb|800|||||||\u00bb text_line_height=\u00bb1em\u00bb header_font=\u00bb|800||on|||||\u00bb header_font_size=\u00bb70px\u00bb width=\u00bb100%\u00bb max_width=\u00bb100%\u00bb min_height=\u00bb100px\u00bb hover_enabled=\u00bb0&#8243; global_colors_info=\u00bb{}\u00bb theme_builder_area=\u00bbpost_content\u00bb sticky_enabled=\u00bb0&#8243;]<\/p>\n<h1 class=\"mb-1\">PERE D\u00c1VILA \u201cCANVAS\u201d<\/h1>\n<p>[\/et_pb_text][et_pb_image title_text=\u00bbcanva\u00bb _builder_version=\u00bb4.27.4&#8243; _module_preset=\u00bbdefault\u00bb hover_enabled=\u00bb0&#8243; global_colors_info=\u00bb{}\u00bb theme_builder_area=\u00bbpost_content\u00bb src=\u00bbhttps:\/\/www.manangelment.com\/wp-content\/uploads\/2025\/04\/canva.png\u00bb sticky_enabled=\u00bb0&#8243;][\/et_pb_image][\/et_pb_column][\/et_pb_row][et_pb_row column_structure=\u00bb1_2,1_2&#8243; _builder_version=\u00bb4.27.4&#8243; _module_preset=\u00bbdefault\u00bb global_colors_info=\u00bb{}\u00bb theme_builder_area=\u00bbpost_content\u00bb][et_pb_column type=\u00bb1_2&#8243; _builder_version=\u00bb4.27.4&#8243; _module_preset=\u00bbdefault\u00bb global_colors_info=\u00bb{}\u00bb theme_builder_area=\u00bbpost_content\u00bb][et_pb_text _builder_version=\u00bb4.27.4&#8243; _module_preset=\u00bbdefault\u00bb hover_enabled=\u00bb0&#8243; global_colors_info=\u00bb{}\u00bb theme_builder_area=\u00bbpost_content\u00bb sticky_enabled=\u00bb0&#8243;]<\/p>\n<p>\u201cCanvas\u201d es la propuesta musical de<span> <\/span><strong>Pere D\u00e1vila<\/strong>, que durante este \u00faltimo a\u00f1o ha materializado musicalmente sus influencias y pensamientos en un<strong><span> <\/span><\/strong>disco<strong><span> <\/span><\/strong>basado exclusivamente en<span> <\/span><strong>repertorio de creaci\u00f3n propia.<\/strong><\/p>\n<p>Estas canciones intentan reflejar el impacto que han tenido en el autor situaciones (reales e imaginarias), im\u00e1genes y procesos de indagaci\u00f3n muy \u00edntimos.<\/p>\n<p>Entre las canciones del disco, encontramos 8 temas del propio autor y uno de Jaume Gelabert Comas, guitarrista que ya no est\u00e1 entre nosotros y que fue uno de los m\u00fasicos activos en el panorama musical de Mallorca durante las d\u00e9cadas de los 50, 60 y 70.<\/p>\n<p>Las tem\u00e1ticas que aborda el disco transitan por estilos diversos como el sonido de New Orleans (Ronnie\u2019s Groove), la bossa nova (Poup\u00e9e, Mr. Moustache), las baladas (Sloane\u2019s Solitude), el sonido crudo del rock (Pajama Party), el swing (Le Gat\u00f3) o las canciones de vanguardia (Sketch). Tambi\u00e9n se incluyen temas compuestos a\u00f1os atr\u00e1s como germen de lo que ser\u00eda este disco, como Paris, un swing con un toque franc\u00e9s.<\/p>\n<p>El veh\u00edculo de expresi\u00f3n es la m\u00fasica improvisada, sin querer encasillarla en la dicotom\u00eda JAZZ\u2013NO JAZZ.<\/p>\n<p>[\/et_pb_text][\/et_pb_column][et_pb_column type=\u00bb1_2&#8243; _builder_version=\u00bb4.27.4&#8243; _module_preset=\u00bbdefault\u00bb global_colors_info=\u00bb{}\u00bb theme_builder_area=\u00bbpost_content\u00bb][et_pb_button button_url=\u00bbhttps:\/\/zzzjordi.com.mialias.net\/wp-content\/uploads\/2020\/06\/PereDavilaCanvas-DossierManangelment.pdf\u00bb url_new_window=\u00bbon\u00bb button_text=\u00bbDosier\u00bb _builder_version=\u00bb4.27.4&#8243; _module_preset=\u00bbdefault\u00bb hover_enabled=\u00bb0&#8243; global_colors_info=\u00bb{}\u00bb theme_builder_area=\u00bbpost_content\u00bb sticky_enabled=\u00bb0&#8243;][\/et_pb_button][et_pb_social_media_follow icon_color=\u00bb#FFFFFF\u00bb use_icon_font_size=\u00bbon\u00bb icon_font_size=\u00bb15px\u00bb _builder_version=\u00bb4.27.4&#8243; _module_preset=\u00bbdefault\u00bb filter_saturate=\u00bb0%\u00bb filter_contrast=\u00bb200%\u00bb hover_enabled=\u00bb0&#8243; global_colors_info=\u00bb{}\u00bb theme_builder_area=\u00bbpost_content\u00bb sticky_enabled=\u00bb0&#8243;][et_pb_social_media_follow_network social_network=\u00bbinstagram\u00bb url=\u00bbhttps:\/\/www.instagram.com\/peredavila\/\u00bb _builder_version=\u00bb4.27.4&#8243; _module_preset=\u00bbdefault\u00bb background_color=\u00bb#ea2c59&#8243; hover_enabled=\u00bb0&#8243; global_colors_info=\u00bb{}\u00bb theme_builder_area=\u00bbpost_content\u00bb follow_button=\u00bboff\u00bb url_new_window=\u00bbon\u00bb sticky_enabled=\u00bb0&#8243;]instagram[\/et_pb_social_media_follow_network][et_pb_social_media_follow_network social_network=\u00bbfacebook\u00bb url=\u00bbhttps:\/\/www.facebook.com\/pere.davila\u00bb _builder_version=\u00bb4.27.4&#8243; _module_preset=\u00bbdefault\u00bb background_color=\u00bb#3b5998&#8243; hover_enabled=\u00bb0&#8243; global_colors_info=\u00bb{}\u00bb theme_builder_area=\u00bbpost_content\u00bb follow_button=\u00bboff\u00bb url_new_window=\u00bbon\u00bb sticky_enabled=\u00bb0&#8243;]facebook[\/et_pb_social_media_follow_network][\/et_pb_social_media_follow][\/et_pb_column][\/et_pb_row][\/et_pb_section]<\/p>\n","protected":false},"excerpt":{"rendered":"<p>\u201cCanvas\u201d es la propuesta musical de Pere D\u00e1vila, quien durante este \u00faltimo a\u00f1o ha plasmado musicalmente sus influencias y pensamientos en un disco basado exclusivamente en repertorio de creaci\u00f3n propia.<\/p>\n<p>Estas canciones intentan reflejar el impacto que han tenido en el autor situaciones (reales e imaginarias), im\u00e1genes y procesos de indagaci\u00f3n muy \u00edntimos.<\/p>\n<p>Entre las canciones del disco, encontramos 8 temas del propio autor y uno de Jaume Gelabert Comas, guitarrista que ya no est\u00e1 entre nosotros y que fue uno de los m\u00fasicos activos en el panorama musical de Mallorca durante las d\u00e9cadas de los 50, 60 y 70.<\/p>\n<p>Las tem\u00e1ticas que aborda el disco transitan por estilos diversos como el sonido de New Orleans (Ronnie\u2019s Groove), la bossa nova (Poup\u00e9e, Mr. Moustache), las baladas (Sloane\u2019s Solitude), el sonido crudo del rock (Pajama Party), el swing (Le Gat\u00f3) o las canciones de vanguardia (Sketch). Tambi\u00e9n se incluyen temas compuestos a\u00f1os atr\u00e1s como germen de lo que ser\u00eda este disco, como Paris, un swing con un toque franc\u00e9s.<\/p>\n<p>El veh\u00edculo de expresi\u00f3n es la m\u00fasica improvisada, sin querer encasillarla en la dicotom\u00eda JAZZ\u2013NO JAZZ.<\/p>\n","protected":false},"author":2,"featured_media":373,"parent":706,"menu_order":0,"comment_status":"closed","ping_status":"closed","template":"","meta":{"_acf_changed":false,"_et_pb_use_builder":"on","_et_pb_old_content":"","_et_gb_content_width":"","footnotes":""},"categories":[18],"tags":[],"class_list":["post-823","page","type-page","status-publish","has-post-thumbnail","hentry","category-catalogo-jazz"],"acf":[],"_links":{"self":[{"href":"https:\/\/www.manangelment.com\/es\/wp-json\/wp\/v2\/pages\/823","targetHints":{"allow":["GET"]}}],"collection":[{"href":"https:\/\/www.manangelment.com\/es\/wp-json\/wp\/v2\/pages"}],"about":[{"href":"https:\/\/www.manangelment.com\/es\/wp-json\/wp\/v2\/types\/page"}],"author":[{"embeddable":true,"href":"https:\/\/www.manangelment.com\/es\/wp-json\/wp\/v2\/users\/2"}],"replies":[{"embeddable":true,"href":"https:\/\/www.manangelment.com\/es\/wp-json\/wp\/v2\/comments?post=823"}],"version-history":[{"count":5,"href":"https:\/\/www.manangelment.com\/es\/wp-json\/wp\/v2\/pages\/823\/revisions"}],"predecessor-version":[{"id":942,"href":"https:\/\/www.manangelment.com\/es\/wp-json\/wp\/v2\/pages\/823\/revisions\/942"}],"up":[{"embeddable":true,"href":"https:\/\/www.manangelment.com\/es\/wp-json\/wp\/v2\/pages\/706"}],"wp:featuredmedia":[{"embeddable":true,"href":"https:\/\/www.manangelment.com\/es\/wp-json\/wp\/v2\/media\/373"}],"wp:attachment":[{"href":"https:\/\/www.manangelment.com\/es\/wp-json\/wp\/v2\/media?parent=823"}],"wp:term":[{"taxonomy":"category","embeddable":true,"href":"https:\/\/www.manangelment.com\/es\/wp-json\/wp\/v2\/categories?post=823"},{"taxonomy":"post_tag","embeddable":true,"href":"https:\/\/www.manangelment.com\/es\/wp-json\/wp\/v2\/tags?post=823"}],"curies":[{"name":"wp","href":"https:\/\/api.w.org\/{rel}","templated":true}]}}