{"id":804,"date":"2025-04-26T19:02:11","date_gmt":"2025-04-26T17:02:11","guid":{"rendered":"http:\/\/zzzjordi.com.mialias.net\/catalogo-artistico-catalogo-cacim\/morgana-jazz\/"},"modified":"2025-08-30T12:33:42","modified_gmt":"2025-08-30T10:33:42","slug":"morgana-jazz","status":"publish","type":"page","link":"https:\/\/www.manangelment.com\/es\/catalogo-artistico-catalogo-cacim\/morgana-jazz\/","title":{"rendered":"Morgana Jazz"},"content":{"rendered":"<p>[et_pb_section fb_built=\u00bb1&#8243; _builder_version=\u00bb4.27.4&#8243; _module_preset=\u00bbdefault\u00bb global_colors_info=\u00bb{}\u00bb theme_builder_area=\u00bbpost_content\u00bb][et_pb_row _builder_version=\u00bb4.27.4&#8243; _module_preset=\u00bbdefault\u00bb global_colors_info=\u00bb{}\u00bb theme_builder_area=\u00bbpost_content\u00bb][et_pb_column type=\u00bb4_4&#8243; _builder_version=\u00bb4.27.4&#8243; _module_preset=\u00bbdefault\u00bb global_colors_info=\u00bb{}\u00bb theme_builder_area=\u00bbpost_content\u00bb][et_pb_text _builder_version=\u00bb4.27.4&#8243; _module_preset=\u00bbdefault\u00bb text_font=\u00bb|800|||||||\u00bb text_line_height=\u00bb1em\u00bb header_font=\u00bb|800||on|||||\u00bb header_font_size=\u00bb70px\u00bb width=\u00bb100%\u00bb max_width=\u00bb100%\u00bb min_height=\u00bb100px\u00bb hover_enabled=\u00bb0&#8243; global_colors_info=\u00bb{}\u00bb theme_builder_area=\u00bbpost_content\u00bb sticky_enabled=\u00bb0&#8243;]<\/p>\n<h1 class=\"mb-1\">MORGANA JAZZ<\/h1>\n<p>[\/et_pb_text][et_pb_image src=\u00bbhttps:\/\/www.manangelment.com\/wp-content\/uploads\/2025\/04\/morgana.png\u00bb title_text=\u00bbmorgana\u00bb _builder_version=\u00bb4.27.4&#8243; _module_preset=\u00bbdefault\u00bb hover_enabled=\u00bb0&#8243; global_colors_info=\u00bb{}\u00bb theme_builder_area=\u00bbpost_content\u00bb sticky_enabled=\u00bb0&#8243;][\/et_pb_image][\/et_pb_column][\/et_pb_row][et_pb_row column_structure=\u00bb1_2,1_2&#8243; _builder_version=\u00bb4.27.4&#8243; _module_preset=\u00bbdefault\u00bb global_colors_info=\u00bb{}\u00bb theme_builder_area=\u00bbpost_content\u00bb][et_pb_column type=\u00bb1_2&#8243; _builder_version=\u00bb4.27.4&#8243; _module_preset=\u00bbdefault\u00bb global_colors_info=\u00bb{}\u00bb theme_builder_area=\u00bbpost_content\u00bb][et_pb_text _builder_version=\u00bb4.27.4&#8243; _module_preset=\u00bbdefault\u00bb hover_enabled=\u00bb0&#8243; global_colors_info=\u00bb{}\u00bb theme_builder_area=\u00bbpost_content\u00bb sticky_enabled=\u00bb0&#8243;]<\/p>\n<p>Morgana Jazz nace a principios de 2018. Xisca Oliver (pianista y trompetista) y Luc\u00eda Latorre (voz) se conocen en Factoria de So, escuela donde Xisca es profesora y Luc\u00eda alumna. Despu\u00e9s de empezar con el combo de jazz juntas, se les ocurre montar una banda de jazz de mujeres, dada la falta de ellas en la isla y la poca representaci\u00f3n de mujeres instrumentistas de jazz en general. Por tanto, Luc\u00eda y Llucia Gomila (bajista y violinista) se conocen desde hace a\u00f1os y han coincidido en varias ocasiones haciendo m\u00fasica juntas. Colaborando en otros proyectos y manteniendo el contacto a trav\u00e9s de la m\u00fasica. Coincidi\u00f3 que poco antes tambi\u00e9n hab\u00edan hablado de lo mismo al salir de una jam y as\u00ed naci\u00f3 el tr\u00edo. Por otro lado, empez\u00f3 a colaborar con nosotros la grand\u00edsima percusionista Nail\u00e9 Sosa, lo que tambi\u00e9n nos enriqueci\u00f3 much\u00edsimo como grupo, incluyendo temas propios.<\/p>\n<p>Aunque hayamos nacido relativamente hace poco, la verdad es que hemos comenzado con \u00abbuen pie\u00bb. Despu\u00e9s de nuestros primeros conciertos en fiestas de pueblos, hemos realizado actuaciones en ceremonias de apertura de festivales, en convenciones y en entregas de premios como los Premios Ciutat de Palma 2018, siempre con muy buena acogida.<\/p>\n<p>[\/et_pb_text][\/et_pb_column][et_pb_column type=\u00bb1_2&#8243; _builder_version=\u00bb4.27.4&#8243; _module_preset=\u00bbdefault\u00bb global_colors_info=\u00bb{}\u00bb theme_builder_area=\u00bbpost_content\u00bb][et_pb_video _builder_version=\u00bb4.27.4&#8243; _module_preset=\u00bbdefault\u00bb hover_enabled=\u00bb0&#8243; global_colors_info=\u00bb{}\u00bb theme_builder_area=\u00bbpost_content\u00bb src=\u00bbhttps:\/\/youtu.be\/E91p_IVCOFA?si=k6VKet5u0d0zQwY2&#8243; sticky_enabled=\u00bb0&#8243;][\/et_pb_video][et_pb_button button_url=\u00bbhttps:\/\/zzzjordi.com.mialias.net\/wp-content\/uploads\/2019\/12\/Dossier-Morgana-Jazz.pdf\u00bb url_new_window=\u00bbon\u00bb button_text=\u00bbDosier\u00bb _builder_version=\u00bb4.27.4&#8243; _module_preset=\u00bbdefault\u00bb hover_enabled=\u00bb0&#8243; global_colors_info=\u00bb{}\u00bb theme_builder_area=\u00bbpost_content\u00bb sticky_enabled=\u00bb0&#8243;][\/et_pb_button][et_pb_social_media_follow icon_color=\u00bb#FFFFFF\u00bb use_icon_font_size=\u00bbon\u00bb icon_font_size=\u00bb15px\u00bb _builder_version=\u00bb4.27.4&#8243; _module_preset=\u00bbdefault\u00bb filter_saturate=\u00bb0%\u00bb filter_contrast=\u00bb200%\u00bb hover_enabled=\u00bb0&#8243; global_colors_info=\u00bb{}\u00bb theme_builder_area=\u00bbpost_content\u00bb sticky_enabled=\u00bb0&#8243;][et_pb_social_media_follow_network social_network=\u00bbyoutube\u00bb url=\u00bbhttps:\/\/www.youtube.com\/@morganajazz2483&#8243; _builder_version=\u00bb4.27.4&#8243; _module_preset=\u00bbdefault\u00bb background_color=\u00bb#a82400&#8243; hover_enabled=\u00bb0&#8243; global_colors_info=\u00bb{}\u00bb theme_builder_area=\u00bbpost_content\u00bb follow_button=\u00bboff\u00bb url_new_window=\u00bbon\u00bb sticky_enabled=\u00bb0&#8243;]youtube[\/et_pb_social_media_follow_network][\/et_pb_social_media_follow][\/et_pb_column][\/et_pb_row][\/et_pb_section]<\/p>\n","protected":false},"excerpt":{"rendered":"<p>es un tr\u00edo femenino nacido en 2018 en Mallorca, formado por Xisca Oliver, Luc\u00eda Latorre y Llucia Gomila, con la colaboraci\u00f3n de Nail\u00e9 Sosa. El proyecto nace con el objetivo de visibilizar a mujeres instrumentistas dentro de la escena del jazz, ofreciendo un repertorio fresco que combina temas propios con versiones.<\/p>\n","protected":false},"author":2,"featured_media":525,"parent":706,"menu_order":0,"comment_status":"closed","ping_status":"closed","template":"","meta":{"_acf_changed":false,"_et_pb_use_builder":"on","_et_pb_old_content":"","_et_gb_content_width":"","footnotes":""},"categories":[18],"tags":[],"class_list":["post-804","page","type-page","status-publish","has-post-thumbnail","hentry","category-catalogo-jazz"],"acf":[],"_links":{"self":[{"href":"https:\/\/www.manangelment.com\/es\/wp-json\/wp\/v2\/pages\/804","targetHints":{"allow":["GET"]}}],"collection":[{"href":"https:\/\/www.manangelment.com\/es\/wp-json\/wp\/v2\/pages"}],"about":[{"href":"https:\/\/www.manangelment.com\/es\/wp-json\/wp\/v2\/types\/page"}],"author":[{"embeddable":true,"href":"https:\/\/www.manangelment.com\/es\/wp-json\/wp\/v2\/users\/2"}],"replies":[{"embeddable":true,"href":"https:\/\/www.manangelment.com\/es\/wp-json\/wp\/v2\/comments?post=804"}],"version-history":[{"count":4,"href":"https:\/\/www.manangelment.com\/es\/wp-json\/wp\/v2\/pages\/804\/revisions"}],"predecessor-version":[{"id":927,"href":"https:\/\/www.manangelment.com\/es\/wp-json\/wp\/v2\/pages\/804\/revisions\/927"}],"up":[{"embeddable":true,"href":"https:\/\/www.manangelment.com\/es\/wp-json\/wp\/v2\/pages\/706"}],"wp:featuredmedia":[{"embeddable":true,"href":"https:\/\/www.manangelment.com\/es\/wp-json\/wp\/v2\/media\/525"}],"wp:attachment":[{"href":"https:\/\/www.manangelment.com\/es\/wp-json\/wp\/v2\/media?parent=804"}],"wp:term":[{"taxonomy":"category","embeddable":true,"href":"https:\/\/www.manangelment.com\/es\/wp-json\/wp\/v2\/categories?post=804"},{"taxonomy":"post_tag","embeddable":true,"href":"https:\/\/www.manangelment.com\/es\/wp-json\/wp\/v2\/tags?post=804"}],"curies":[{"name":"wp","href":"https:\/\/api.w.org\/{rel}","templated":true}]}}