{"id":777,"date":"2025-05-18T13:44:37","date_gmt":"2025-05-18T11:44:37","guid":{"rendered":"http:\/\/zzzjordi.com.mialias.net\/catalogo-artistico-catalogo-cacim\/figues-dun-altre-paner\/"},"modified":"2025-11-13T14:54:43","modified_gmt":"2025-11-13T12:54:43","slug":"figues-dun-altre-paner","status":"publish","type":"page","link":"https:\/\/www.manangelment.com\/es\/catalogo-artistico-catalogo-cacim\/figues-dun-altre-paner\/","title":{"rendered":"Figues d&#8217;un altre paner"},"content":{"rendered":"<p>[et_pb_section fb_built=\u00bb1&#8243; _builder_version=\u00bb4.27.4&#8243; _module_preset=\u00bbdefault\u00bb global_colors_info=\u00bb{}\u00bb][et_pb_row _builder_version=\u00bb4.27.4&#8243; _module_preset=\u00bbdefault\u00bb global_colors_info=\u00bb{}\u00bb][et_pb_column type=\u00bb4_4&#8243; _builder_version=\u00bb4.27.4&#8243; _module_preset=\u00bbdefault\u00bb global_colors_info=\u00bb{}\u00bb][et_pb_text _builder_version=\u00bb4.27.4&#8243; _module_preset=\u00bbdefault\u00bb text_font=\u00bb|800|||||||\u00bb text_line_height=\u00bb1em\u00bb header_font=\u00bb|800||on|||||\u00bb header_font_size=\u00bb70px\u00bb width=\u00bb100%\u00bb max_width=\u00bb100%\u00bb min_height=\u00bb100px\u00bb global_colors_info=\u00bb{}\u00bb]<\/p>\n<h1 style=\"text-align: left;\">FIGUES D&#8217;UN ALTRE PANER<\/h1>\n<p>[\/et_pb_text][et_pb_image src=\u00bbhttps:\/\/www.manangelment.com\/wp-content\/uploads\/2025\/05\/figues.png\u00bb title_text=\u00bbfigues\u00bb _builder_version=\u00bb4.27.4&#8243; _module_preset=\u00bbdefault\u00bb global_colors_info=\u00bb{}\u00bb][\/et_pb_image][\/et_pb_column][\/et_pb_row][et_pb_row column_structure=\u00bb1_2,1_2&#8243; _builder_version=\u00bb4.27.4&#8243; _module_preset=\u00bbdefault\u00bb global_colors_info=\u00bb{}\u00bb][et_pb_column type=\u00bb1_2&#8243; _builder_version=\u00bb4.27.4&#8243; _module_preset=\u00bbdefault\u00bb global_colors_info=\u00bb{}\u00bb][et_pb_text _builder_version=\u00bb4.27.4&#8243; _module_preset=\u00bbdefault\u00bb global_colors_info=\u00bb{}\u00bb]<\/p>\n<p style=\"margin-bottom: 1rem; color: #0072c6; font-family: Mont-Regular, sans-serif; font-size: 16px; text-align: justify; background-color: #ffffff;\">FIGUES D&#8217;UN ALTRE PANER es un grupo de m\u00fasica folk que bebe especialmente de la tradici\u00f3n menorquina, pero tambi\u00e9n de otras tierras de habla catalana. Comienza a componer y confeccionar su repertorio a partir de abril de 2020 con una clara voluntad de seguir experimentando con la m\u00fasica tradicional a trav\u00e9s de un tratamiento polif\u00f3nico de voces y de una visi\u00f3n feminista en el tratamiento de las letras. La instrumentaci\u00f3n de cuerda y percusi\u00f3n a\u00f1ade gravedad y contundencia al producto.<\/p>\n<p style=\"margin-bottom: 1rem; color: #0072c6; font-family: Mont-Regular, sans-serif; font-size: 16px; text-align: justify; background-color: #ffffff;\">El grupo es impulsado desde la voluntad de continuar en la b\u00fasqueda e innovaci\u00f3n de la m\u00fasica tradicional, en la que sus miembros han trabajado durante m\u00e1s de 20 a\u00f1os, a trav\u00e9s de proyectos musicales como l&#8217;Albaida, el d\u00fao A Romandre o la direcci\u00f3n musical y art\u00edstica del reciente homenaje a Traginada, promovido por el Consell Insular de Menorca. La propuesta actual pasa por el planteamiento de un tratamiento cuidado en la polifon\u00eda vocal (con 4 voces) y en la armonizaci\u00f3n y producci\u00f3n r\u00edtmica, con los instrumentos tradicionales de la guitarra y el guitarr\u00f3n, y la incorporaci\u00f3n del bajo el\u00e9ctrico y la percusi\u00f3n. El lenguaje cantado es una caracter\u00edstica de la cultura <span style=\"font-weight: bold; font-family: Mont-Heavy, sans-serif;\">popular menorquina<\/span>.<\/p>\n<p style=\"margin-bottom: 1rem; color: #0072c6; font-family: Mont-Regular, sans-serif; font-size: 16px; text-align: justify; background-color: #ffffff;\">Figues d\u2019un altre paner revisa canciones que forman parte del repertorio tradicional menorqu\u00edn, as\u00ed como de Mallorca, Ibiza, Catalu\u00f1a y el Pa\u00eds Valenciano, y las adapta con <span style=\"font-weight: bold; font-family: Mont-Heavy, sans-serif;\">atrevimiento musical<\/span> desde dos perspectivas: la polifon\u00eda vocal y una armonizaci\u00f3n y un tratamiento r\u00edtmico diferenciados.<\/p>\n<p>[\/et_pb_text][\/et_pb_column][et_pb_column type=\u00bb1_2&#8243; _builder_version=\u00bb4.27.4&#8243; _module_preset=\u00bbdefault\u00bb global_colors_info=\u00bb{}\u00bb][et_pb_video src=\u00bbhttps:\/\/youtu.be\/Aqg83SKz7Cc?si=FuvgssYZGnuNfSl9&#8243; _builder_version=\u00bb4.27.4&#8243; _module_preset=\u00bbdefault\u00bb global_colors_info=\u00bb{}\u00bb][\/et_pb_video][et_pb_video src=\u00bbhttps:\/\/youtu.be\/Y9AZdicJHxI?si=RKxS1MlDyhjzfUcV\u00bb _builder_version=\u00bb4.27.4&#8243; _module_preset=\u00bbdefault\u00bb global_colors_info=\u00bb{}\u00bb][\/et_pb_video][et_pb_button button_url=\u00bbhttps:\/\/figuesdunaltrepaner.com\/\u00bb url_new_window=\u00bbon\u00bb button_text=\u00bbfiguesdunaltrepaner.com\u00bb _builder_version=\u00bb4.27.4&#8243; _module_preset=\u00bbdefault\u00bb global_colors_info=\u00bb{}\u00bb][\/et_pb_button][et_pb_button button_url=\u00bbhttps:\/\/www.manangelment.com\/wp-content\/uploads\/2025\/10\/DOSSIER-FIGUES-DUN-ALTRE-PANER-ESP-1.pdf\u00bb url_new_window=\u00bbon\u00bb button_text=\u00bbDosier\u00bb _builder_version=\u00bb4.27.4&#8243; _module_preset=\u00bbdefault\u00bb hover_enabled=\u00bb0&#8243; global_colors_info=\u00bb{}\u00bb sticky_enabled=\u00bb0&#8243;][\/et_pb_button][et_pb_social_media_follow icon_color=\u00bb#FFFFFF\u00bb use_icon_font_size=\u00bbon\u00bb icon_font_size=\u00bb15px\u00bb _builder_version=\u00bb4.27.4&#8243; _module_preset=\u00bbdefault\u00bb filter_saturate=\u00bb0%\u00bb filter_contrast=\u00bb200%\u00bb global_colors_info=\u00bb{}\u00bb][et_pb_social_media_follow_network social_network=\u00bbinstagram\u00bb url=\u00bbhttps:\/\/www.instagram.com\/figues_dunaltrepaner\/\u00bb _builder_version=\u00bb4.27.4&#8243; _module_preset=\u00bbdefault\u00bb background_color=\u00bb#ea2c59&#8243; global_colors_info=\u00bb{}\u00bb follow_button=\u00bboff\u00bb url_new_window=\u00bbon\u00bb]instagram[\/et_pb_social_media_follow_network][et_pb_social_media_follow_network social_network=\u00bbfacebook\u00bb url=\u00bbhttps:\/\/www.facebook.com\/figuesdunaltrepaner6&#8243; _builder_version=\u00bb4.27.4&#8243; _module_preset=\u00bbdefault\u00bb background_color=\u00bb#3b5998&#8243; global_colors_info=\u00bb{}\u00bb follow_button=\u00bboff\u00bb url_new_window=\u00bbon\u00bb]facebook[\/et_pb_social_media_follow_network][et_pb_social_media_follow_network social_network=\u00bbyoutube\u00bb url=\u00bbhttps:\/\/www.youtube.com\/@figuesdunaltrepaner4398&#8243; _builder_version=\u00bb4.27.4&#8243; _module_preset=\u00bbdefault\u00bb background_color=\u00bb#a82400&#8243; global_colors_info=\u00bb{}\u00bb follow_button=\u00bboff\u00bb url_new_window=\u00bbon\u00bb]youtube[\/et_pb_social_media_follow_network][\/et_pb_social_media_follow][\/et_pb_column][\/et_pb_row][\/et_pb_section]<\/p>\n","protected":false},"excerpt":{"rendered":"<p>Figues d\u2019un altre paner es un grupo de m\u00fasica folk que nace con la voluntad de experimentar y renovar la m\u00fasica tradicional, especialmente la menorquina, pero tambi\u00e9n la del resto de los territorios de habla catalana. Con una sonoridad contundente basada en la polifon\u00eda vocal a cuatro voces y una instrumentaci\u00f3n que combina guitarra, guitarr\u00f3n, percusi\u00f3n y bajo el\u00e9ctrico, el grupo revisita el repertorio popular desde una mirada feminista y contempor\u00e1nea.<\/p>\n<p>Formado por m\u00fasicos con m\u00e1s de 20 a\u00f1os de experiencia en proyectos como Albaida, el d\u00fao A Romandre o el homenaje a Traginada, la formaci\u00f3n mantiene un firme compromiso con la innovaci\u00f3n dentro de la tradici\u00f3n. Figues d\u2019un altre paner da nueva vida a canciones de ra\u00edz mediante armonizaciones cuidadas y una producci\u00f3n r\u00edtmica rica y valiente, manteniendo vivo el legado popular y adapt\u00e1ndolo a los nuevos tiempos.<\/p>\n","protected":false},"author":2,"featured_media":397,"parent":706,"menu_order":0,"comment_status":"closed","ping_status":"closed","template":"","meta":{"_acf_changed":false,"_et_pb_use_builder":"on","_et_pb_old_content":"","_et_gb_content_width":"","footnotes":""},"categories":[17],"tags":[],"class_list":["post-777","page","type-page","status-publish","has-post-thumbnail","hentry","category-catalogo-booking"],"acf":[],"_links":{"self":[{"href":"https:\/\/www.manangelment.com\/es\/wp-json\/wp\/v2\/pages\/777","targetHints":{"allow":["GET"]}}],"collection":[{"href":"https:\/\/www.manangelment.com\/es\/wp-json\/wp\/v2\/pages"}],"about":[{"href":"https:\/\/www.manangelment.com\/es\/wp-json\/wp\/v2\/types\/page"}],"author":[{"embeddable":true,"href":"https:\/\/www.manangelment.com\/es\/wp-json\/wp\/v2\/users\/2"}],"replies":[{"embeddable":true,"href":"https:\/\/www.manangelment.com\/es\/wp-json\/wp\/v2\/comments?post=777"}],"version-history":[{"count":6,"href":"https:\/\/www.manangelment.com\/es\/wp-json\/wp\/v2\/pages\/777\/revisions"}],"predecessor-version":[{"id":1604,"href":"https:\/\/www.manangelment.com\/es\/wp-json\/wp\/v2\/pages\/777\/revisions\/1604"}],"up":[{"embeddable":true,"href":"https:\/\/www.manangelment.com\/es\/wp-json\/wp\/v2\/pages\/706"}],"wp:featuredmedia":[{"embeddable":true,"href":"https:\/\/www.manangelment.com\/es\/wp-json\/wp\/v2\/media\/397"}],"wp:attachment":[{"href":"https:\/\/www.manangelment.com\/es\/wp-json\/wp\/v2\/media?parent=777"}],"wp:term":[{"taxonomy":"category","embeddable":true,"href":"https:\/\/www.manangelment.com\/es\/wp-json\/wp\/v2\/categories?post=777"},{"taxonomy":"post_tag","embeddable":true,"href":"https:\/\/www.manangelment.com\/es\/wp-json\/wp\/v2\/tags?post=777"}],"curies":[{"name":"wp","href":"https:\/\/api.w.org\/{rel}","templated":true}]}}