{"id":771,"date":"2025-04-23T20:19:52","date_gmt":"2025-04-23T18:19:52","guid":{"rendered":"http:\/\/zzzjordi.com.mialias.net\/catalogo-artistico-catalogo-cacim\/dragonera-tango\/"},"modified":"2025-11-13T14:52:00","modified_gmt":"2025-11-13T12:52:00","slug":"dragonera-tango","status":"publish","type":"page","link":"https:\/\/www.manangelment.com\/es\/catalogo-artistico-catalogo-cacim\/dragonera-tango\/","title":{"rendered":"Dragonera Tango"},"content":{"rendered":"<p>[et_pb_section fb_built=\u00bb1&#8243; _builder_version=\u00bb4.27.4&#8243; _module_preset=\u00bbdefault\u00bb global_colors_info=\u00bb{}\u00bb][et_pb_row _builder_version=\u00bb4.27.4&#8243; _module_preset=\u00bbdefault\u00bb global_colors_info=\u00bb{}\u00bb][et_pb_column type=\u00bb4_4&#8243; _builder_version=\u00bb4.27.4&#8243; _module_preset=\u00bbdefault\u00bb global_colors_info=\u00bb{}\u00bb][et_pb_text _builder_version=\u00bb4.27.4&#8243; _module_preset=\u00bbdefault\u00bb text_font=\u00bb|800|||||||\u00bb text_line_height=\u00bb1em\u00bb header_font=\u00bb|800||on|||||\u00bb header_font_size=\u00bb70px\u00bb width=\u00bb100%\u00bb max_width=\u00bb100%\u00bb min_height=\u00bb100px\u00bb global_colors_info=\u00bb{}\u00bb]<\/p>\n<h1 style=\"text-align: left;\">DRAGONERA TANGO<\/h1>\n<p>[\/et_pb_text][et_pb_image src=\u00bbhttps:\/\/www.manangelment.com\/wp-content\/uploads\/2025\/04\/DRAGONERA-TANGO-scaled-1.jpeg\u00bb title_text=\u00bbDRAGONERA-TANGO-scaled\u00bb _builder_version=\u00bb4.27.4&#8243; _module_preset=\u00bbdefault\u00bb global_colors_info=\u00bb{}\u00bb][\/et_pb_image][\/et_pb_column][\/et_pb_row][et_pb_row column_structure=\u00bb1_2,1_2&#8243; _builder_version=\u00bb4.27.4&#8243; _module_preset=\u00bbdefault\u00bb global_colors_info=\u00bb{}\u00bb][et_pb_column type=\u00bb1_2&#8243; _builder_version=\u00bb4.27.4&#8243; _module_preset=\u00bbdefault\u00bb global_colors_info=\u00bb{}\u00bb][et_pb_text _builder_version=\u00bb4.27.4&#8243; _module_preset=\u00bbdefault\u00bb global_colors_info=\u00bb{}\u00bb]<\/p>\n<p>Dragonera Tango rinde homenaje a la edad de oro del tango desde una visi\u00f3n actual, combinando cl\u00e1sicos del repertorio con temas de creaci\u00f3n propia. Dragonera Tango presenta tangos, valses y milongas\u2026 pero tambi\u00e9n zambas, boleros o choros, en un compromiso con la m\u00fasica universal y sin fronteras. El tango constituye un amplio universo musical que en las \u00faltimas d\u00e9cadas vive un importante resurgimiento.  <\/p>\n<p>Como parte de la nueva generaci\u00f3n, Dragonera Tango se inscribe en la corriente \u201crenovadora\u201d, a la que pertenecen figuras centrales como Astor Piazzolla y Horacio Salg\u00e1n. El repertorio propone un recorrido que va desde los cl\u00e1sicos de Carlos Gardel hasta nuevas composiciones, incluyendo, adem\u00e1s de tangos, valses y milongas; zambas, choros y boleros, en compromiso con la m\u00fasica universal y sin fronteras. <\/p>\n<p>[\/et_pb_text][\/et_pb_column][et_pb_column type=\u00bb1_2&#8243; _builder_version=\u00bb4.27.4&#8243; _module_preset=\u00bbdefault\u00bb global_colors_info=\u00bb{}\u00bb][et_pb_button button_text=\u00bbDosier\u00bb _builder_version=\u00bb4.27.4&#8243; _module_preset=\u00bbdefault\u00bb button_url=\u00bbhttps:\/\/www.manangelment.com\/wp-content\/uploads\/2025\/10\/DOSSIER-DRAGONERA-TANGO.CAT_.pdf\u00bb hover_enabled=\u00bb0&#8243; sticky_enabled=\u00bb0&#8243;][\/et_pb_button][\/et_pb_column][\/et_pb_row][\/et_pb_section]<\/p>\n","protected":false},"excerpt":{"rendered":"<p>**Dragonera Tango** rinde homenaje a la edad de oro del tango desde una mirada renovadora, combinando cl\u00e1sicos como Gardel con creaciones propias. Inspirados por figuras como Piazzolla, su repertorio incluye tangos, valses, milongas, zambas, choros y boleros, rompiendo fronteras con una propuesta universal y contempor\u00e1nea. <\/p>\n","protected":false},"author":2,"featured_media":367,"parent":706,"menu_order":0,"comment_status":"closed","ping_status":"closed","template":"","meta":{"_acf_changed":false,"_et_pb_use_builder":"on","_et_pb_old_content":"","_et_gb_content_width":"","footnotes":""},"categories":[18],"tags":[],"class_list":["post-771","page","type-page","status-publish","has-post-thumbnail","hentry","category-catalogo-jazz"],"acf":[],"_links":{"self":[{"href":"https:\/\/www.manangelment.com\/es\/wp-json\/wp\/v2\/pages\/771","targetHints":{"allow":["GET"]}}],"collection":[{"href":"https:\/\/www.manangelment.com\/es\/wp-json\/wp\/v2\/pages"}],"about":[{"href":"https:\/\/www.manangelment.com\/es\/wp-json\/wp\/v2\/types\/page"}],"author":[{"embeddable":true,"href":"https:\/\/www.manangelment.com\/es\/wp-json\/wp\/v2\/users\/2"}],"replies":[{"embeddable":true,"href":"https:\/\/www.manangelment.com\/es\/wp-json\/wp\/v2\/comments?post=771"}],"version-history":[{"count":5,"href":"https:\/\/www.manangelment.com\/es\/wp-json\/wp\/v2\/pages\/771\/revisions"}],"predecessor-version":[{"id":1602,"href":"https:\/\/www.manangelment.com\/es\/wp-json\/wp\/v2\/pages\/771\/revisions\/1602"}],"up":[{"embeddable":true,"href":"https:\/\/www.manangelment.com\/es\/wp-json\/wp\/v2\/pages\/706"}],"wp:featuredmedia":[{"embeddable":true,"href":"https:\/\/www.manangelment.com\/es\/wp-json\/wp\/v2\/media\/367"}],"wp:attachment":[{"href":"https:\/\/www.manangelment.com\/es\/wp-json\/wp\/v2\/media?parent=771"}],"wp:term":[{"taxonomy":"category","embeddable":true,"href":"https:\/\/www.manangelment.com\/es\/wp-json\/wp\/v2\/categories?post=771"},{"taxonomy":"post_tag","embeddable":true,"href":"https:\/\/www.manangelment.com\/es\/wp-json\/wp\/v2\/tags?post=771"}],"curies":[{"name":"wp","href":"https:\/\/api.w.org\/{rel}","templated":true}]}}