{"id":755,"date":"2025-04-21T18:32:01","date_gmt":"2025-04-21T16:32:01","guid":{"rendered":"http:\/\/zzzjordi.com.mialias.net\/catalogo-artistico-catalogo-cacim\/boc\/"},"modified":"2025-11-13T14:44:25","modified_gmt":"2025-11-13T12:44:25","slug":"boc","status":"publish","type":"page","link":"https:\/\/www.manangelment.com\/es\/catalogo-artistico-catalogo-cacim\/boc\/","title":{"rendered":"Boc"},"content":{"rendered":"<p>[et_pb_section fb_built=\u00bb1&#8243; _builder_version=\u00bb4.27.4&#8243; _module_preset=\u00bbdefault\u00bb global_colors_info=\u00bb{}\u00bb][et_pb_row _builder_version=\u00bb4.27.4&#8243; _module_preset=\u00bbdefault\u00bb global_colors_info=\u00bb{}\u00bb][et_pb_column type=\u00bb4_4&#8243; _builder_version=\u00bb4.27.4&#8243; _module_preset=\u00bbdefault\u00bb global_colors_info=\u00bb{}\u00bb][et_pb_text _builder_version=\u00bb4.27.4&#8243; _module_preset=\u00bbdefault\u00bb text_font=\u00bb|800|||||||\u00bb text_line_height=\u00bb1em\u00bb header_font=\u00bb|800||on|||||\u00bb header_font_size=\u00bb70px\u00bb width=\u00bb100%\u00bb max_width=\u00bb100%\u00bb min_height=\u00bb100px\u00bb global_colors_info=\u00bb{}\u00bb]<\/p>\n<h1 style=\"text-align: left;\">BOC<\/h1>\n<p>[\/et_pb_text][et_pb_image src=\u00bbhttps:\/\/www.manangelment.com\/wp-content\/uploads\/2025\/04\/boc.jpg\u00bb title_text=\u00bbboc\u00bb _builder_version=\u00bb4.27.4&#8243; _module_preset=\u00bbdefault\u00bb global_colors_info=\u00bb{}\u00bb][\/et_pb_image][\/et_pb_column][\/et_pb_row][et_pb_row column_structure=\u00bb1_2,1_2&#8243; _builder_version=\u00bb4.27.4&#8243; _module_preset=\u00bbdefault\u00bb global_colors_info=\u00bb{}\u00bb][et_pb_column type=\u00bb1_2&#8243; _builder_version=\u00bb4.27.4&#8243; _module_preset=\u00bbdefault\u00bb global_colors_info=\u00bb{}\u00bb][et_pb_text _builder_version=\u00bb4.27.4&#8243; _module_preset=\u00bbdefault\u00bb global_colors_info=\u00bb{}\u00bb]<\/p>\n<p>Los magos isle\u00f1os del arte de contar historias con canciones sin letra regresan a los escenarios desde que en 2019 se despidieran de su p\u00fablico tras la p\u00e9rdida de uno de sus miembros, Lluis Vivern \u201cVivi\u201d; con un gran concierto homenaje que llen\u00f3 la Pla\u00e7a de Ses Voltes de Palma. Casi cuatro a\u00f1os hemos tenido que esperar para uno de los regresos m\u00e1s esperados de la escena folk m\u00e1s alternativa.<\/p>\n<p>BOC VUELVE \u201cal directo\u201d en abril de 2023 con un gran concierto en Ses Voltes, justo donde lo dejaron; para continuar con una gira de conciertos que transforma un \u201cpunto y final\u201d en un \u201cpunto y seguido\u201d de este proyecto musical impregnado de m\u00fasicas del mundo y ritmos tradicionales, mezclando la base cl\u00e1sica del contrapunto y la armon\u00eda con la importante influencia del hardcore, new age, metal, ska, etc.<\/p>\n<p>La propuesta tan ecl\u00e9ctica como cuidada que Joan Frontera Lluna cre\u00f3 en 2009 plasma un viaje alrededor del mundo a partir de instrumentos tradicionales de Mallorca.<\/p>\n<p>[\/et_pb_text][\/et_pb_column][et_pb_column type=\u00bb1_2&#8243; _builder_version=\u00bb4.27.4&#8243; _module_preset=\u00bbdefault\u00bb global_colors_info=\u00bb{}\u00bb][et_pb_video src=\u00bbhttps:\/\/youtu.be\/eFEnRLyQAOM?si=JdV19dz6lvJ8X-OQ\u00bb _builder_version=\u00bb4.27.4&#8243; _module_preset=\u00bbdefault\u00bb global_colors_info=\u00bb{}\u00bb][\/et_pb_video][et_pb_video src=\u00bbhttps:\/\/youtu.be\/7N6Vo8QJ3XE?si=Vqd1xnhEoyKd_xG6&#8243; _builder_version=\u00bb4.27.4&#8243; _module_preset=\u00bbdefault\u00bb global_colors_info=\u00bb{}\u00bb][\/et_pb_video][et_pb_button button_url=\u00bbhttps:\/\/www.manangelment.com\/wp-content\/uploads\/2025\/10\/DOSSIER-BOC-ESP-1.pdf\u00bb url_new_window=\u00bbon\u00bb button_text=\u00bbDosier\u00bb _builder_version=\u00bb4.27.4&#8243; _module_preset=\u00bbdefault\u00bb hover_enabled=\u00bb0&#8243; global_colors_info=\u00bb{}\u00bb sticky_enabled=\u00bb0&#8243;][\/et_pb_button][et_pb_social_media_follow icon_color=\u00bb#FFFFFF\u00bb use_icon_font_size=\u00bbon\u00bb icon_font_size=\u00bb15px\u00bb _builder_version=\u00bb4.27.4&#8243; _module_preset=\u00bbdefault\u00bb filter_saturate=\u00bb0%\u00bb filter_contrast=\u00bb200%\u00bb global_colors_info=\u00bb{}\u00bb][et_pb_social_media_follow_network social_network=\u00bbinstagram\u00bb url=\u00bbhttps:\/\/www.instagram.com\/boc.oficial\/\u00bb _builder_version=\u00bb4.27.4&#8243; _module_preset=\u00bbdefault\u00bb background_color=\u00bb#ea2c59&#8243; global_colors_info=\u00bb{}\u00bb follow_button=\u00bboff\u00bb url_new_window=\u00bbon\u00bb]instagram[\/et_pb_social_media_follow_network][et_pb_social_media_follow_network social_network=\u00bbfacebook\u00bb url=\u00bbhttps:\/\/www.facebook.com\/BOC.oficial\/\u00bb _builder_version=\u00bb4.27.4&#8243; _module_preset=\u00bbdefault\u00bb background_color=\u00bb#3b5998&#8243; global_colors_info=\u00bb{}\u00bb follow_button=\u00bboff\u00bb url_new_window=\u00bbon\u00bb]facebook[\/et_pb_social_media_follow_network][et_pb_social_media_follow_network social_network=\u00bbyoutube\u00bb url=\u00bbhttps:\/\/www.youtube.com\/@BOCfolkoficial\u00bb _builder_version=\u00bb4.27.4&#8243; _module_preset=\u00bbdefault\u00bb background_color=\u00bb#a82400&#8243; global_colors_info=\u00bb{}\u00bb follow_button=\u00bboff\u00bb url_new_window=\u00bbon\u00bb]youtube[\/et_pb_social_media_follow_network][\/et_pb_social_media_follow][\/et_pb_column][\/et_pb_row][\/et_pb_section]<\/p>\n","protected":false},"excerpt":{"rendered":"<p>BOC vuelve a los escenarios en 2023 tras cuatro a\u00f1os de ausencia, retomando su viaje musical con sonidos del mundo y ra\u00edces mallorquinas. Con una propuesta ecl\u00e9ctica y potente, combinan tradici\u00f3n y modernidad en un directo vibrante que transforma la despedida en renacimiento.<\/p>\n","protected":false},"author":2,"featured_media":355,"parent":706,"menu_order":0,"comment_status":"closed","ping_status":"closed","template":"","meta":{"_acf_changed":false,"_et_pb_use_builder":"on","_et_pb_old_content":"","_et_gb_content_width":"","footnotes":""},"categories":[16],"tags":[],"class_list":["post-755","page","type-page","status-publish","has-post-thumbnail","hentry","category-catalogo-exclusivas"],"acf":[],"_links":{"self":[{"href":"https:\/\/www.manangelment.com\/es\/wp-json\/wp\/v2\/pages\/755","targetHints":{"allow":["GET"]}}],"collection":[{"href":"https:\/\/www.manangelment.com\/es\/wp-json\/wp\/v2\/pages"}],"about":[{"href":"https:\/\/www.manangelment.com\/es\/wp-json\/wp\/v2\/types\/page"}],"author":[{"embeddable":true,"href":"https:\/\/www.manangelment.com\/es\/wp-json\/wp\/v2\/users\/2"}],"replies":[{"embeddable":true,"href":"https:\/\/www.manangelment.com\/es\/wp-json\/wp\/v2\/comments?post=755"}],"version-history":[{"count":5,"href":"https:\/\/www.manangelment.com\/es\/wp-json\/wp\/v2\/pages\/755\/revisions"}],"predecessor-version":[{"id":1598,"href":"https:\/\/www.manangelment.com\/es\/wp-json\/wp\/v2\/pages\/755\/revisions\/1598"}],"up":[{"embeddable":true,"href":"https:\/\/www.manangelment.com\/es\/wp-json\/wp\/v2\/pages\/706"}],"wp:featuredmedia":[{"embeddable":true,"href":"https:\/\/www.manangelment.com\/es\/wp-json\/wp\/v2\/media\/355"}],"wp:attachment":[{"href":"https:\/\/www.manangelment.com\/es\/wp-json\/wp\/v2\/media?parent=755"}],"wp:term":[{"taxonomy":"category","embeddable":true,"href":"https:\/\/www.manangelment.com\/es\/wp-json\/wp\/v2\/categories?post=755"},{"taxonomy":"post_tag","embeddable":true,"href":"https:\/\/www.manangelment.com\/es\/wp-json\/wp\/v2\/tags?post=755"}],"curies":[{"name":"wp","href":"https:\/\/api.w.org\/{rel}","templated":true}]}}