{"id":1848,"date":"2026-01-21T15:05:33","date_gmt":"2026-01-21T13:05:33","guid":{"rendered":"https:\/\/www.manangelment.com\/catalogo-artistico-catalogo-cacim\/david-cabot\/"},"modified":"2026-01-21T15:11:20","modified_gmt":"2026-01-21T13:11:20","slug":"david-cabot","status":"publish","type":"page","link":"https:\/\/www.manangelment.com\/es\/catalogo-artistico-catalogo-cacim\/david-cabot\/","title":{"rendered":"David Cabot"},"content":{"rendered":"<p>[et_pb_section fb_built=\u00bb1&#8243; _builder_version=\u00bb4.27.4&#8243; _module_preset=\u00bbdefault\u00bb global_colors_info=\u00bb{}\u00bb][et_pb_row _builder_version=\u00bb4.27.4&#8243; _module_preset=\u00bbdefault\u00bb global_colors_info=\u00bb{}\u00bb][et_pb_column type=\u00bb4_4&#8243; _builder_version=\u00bb4.27.4&#8243; _module_preset=\u00bbdefault\u00bb global_colors_info=\u00bb{}\u00bb][et_pb_text _builder_version=\u00bb4.27.4&#8243; _module_preset=\u00bbdefault\u00bb text_font=\u00bb|800|||||||\u00bb text_line_height=\u00bb1em\u00bb header_font=\u00bb|800||on|||||\u00bb header_font_size=\u00bb70px\u00bb width=\u00bb100%\u00bb max_width=\u00bb100%\u00bb min_height=\u00bb100px\u00bb global_colors_info=\u00bb{}\u00bb]<\/p>\n<h1 style=\"text-align: left;\">DAVID CABOT<\/h1>\n<p>[\/et_pb_text][et_pb_image src=\u00bbhttps:\/\/www.manangelment.com\/wp-content\/uploads\/2026\/01\/davidcabot-scaled.jpg\u00bb title_text=\u00bbdavidcabot\u00bb _builder_version=\u00bb4.27.4&#8243; _module_preset=\u00bbdefault\u00bb hover_enabled=\u00bb0&#8243; global_colors_info=\u00bb{}\u00bb sticky_enabled=\u00bb0&#8243;][\/et_pb_image][\/et_pb_column][\/et_pb_row][et_pb_row column_structure=\u00bb1_2,1_2&#8243; _builder_version=\u00bb4.27.4&#8243; _module_preset=\u00bbdefault\u00bb global_colors_info=\u00bb{}\u00bb custom_margin=\u00bb|auto||186px||\u00bb][et_pb_column type=\u00bb1_2&#8243; _builder_version=\u00bb4.27.4&#8243; _module_preset=\u00bbdefault\u00bb global_colors_info=\u00bb{}\u00bb][et_pb_text _builder_version=\u00bb4.27.4&#8243; _module_preset=\u00bbdefault\u00bb global_colors_info=\u00bb{}\u00bb custom_padding=\u00bb||0px|||\u00bb]<\/p>\n<p>DAVID CABOT es un joven m\u00fasico compositor, nacido en Palma en noviembre de 2005, que se adentra en el mundo de la m\u00fasica aprendiendo guitarra desde los 7 a\u00f1os con profesores como Sebasti\u00e0 Cardell y Omar Lanuti. Unos a\u00f1os m\u00e1s tarde recibe clases de voz y canto por parte de Desiree Duran. <\/p>\n<p>Empieza su carrera musical en 2022 con la publicaci\u00f3n de sus dos primeros sencillos \u201cMiracles\u201d y \u201cLa Mar\u201d, grabados y producidos por Toni Morales en el estudio Mono Boost; y ya en 2023, despu\u00e9s de publicar dos nuevos adelantamientos \u201cJa Veus\u201d y \u201cA la Deriva\u201d grabados y producidos por Jaume Gelabert en Tramuntana Estudis, saca su primer disco \u201cINICI\u201d donde muestra, con varios estilos, canciones en catal\u00e1n y en castellano, y con la colaboraci\u00f3n de Joan Muntaner (m\u00fasico y compositor del grupo Xanguito) rn la canci\u00f3n \u00abCercar\u00e9\u00bb.<\/p>\n<p>Su proyecto quiere ser una invitaci\u00f3n a hacer una pausa, reflexionar y tomar conciencia de d\u00f3nde estamos, valorando mejor todo lo que nos rodea. En sus canciones nos transporta a sentir la brisa marina, valorarnos y sentir las emociones, sumergi\u00e9ndonos en una nueva atm\u00f3sfera sonora marcada por su tono de voz y las armon\u00edas de la guitarra. <\/p>\n<p>[\/et_pb_text][\/et_pb_column][et_pb_column type=\u00bb1_2&#8243; _builder_version=\u00bb4.27.4&#8243; _module_preset=\u00bbdefault\u00bb global_colors_info=\u00bb{}\u00bb][et_pb_video _builder_version=\u00bb4.27.4&#8243; _module_preset=\u00bbdefault\u00bb global_colors_info=\u00bb{}\u00bb src_last_edited=\u00bboff|desktop\u00bb src__hover_enabled=\u00bboff|desktop\u00bb hover_enabled=\u00bb0&#8243; src=\u00bbhttps:\/\/www.youtube.com\/watch?v=WOHDoej-VeE\u00bb sticky_enabled=\u00bb0&#8243;][\/et_pb_video][et_pb_button button_url=\u00bbhttps:\/\/www.manangelment.com\/wp-content\/uploads\/2026\/01\/DOSSIER_DAVIDCABOT-CAT.pdf\u00bb url_new_window=\u00bbon\u00bb button_text=\u00bbDosier\u00bb _builder_version=\u00bb4.27.4&#8243; _module_preset=\u00bbdefault\u00bb hover_enabled=\u00bb0&#8243; global_colors_info=\u00bb{}\u00bb sticky_enabled=\u00bb0&#8243;][\/et_pb_button][et_pb_social_media_follow icon_color=\u00bb#FFFFFF\u00bb use_icon_font_size=\u00bbon\u00bb icon_font_size=\u00bb15px\u00bb _builder_version=\u00bb4.27.4&#8243; _module_preset=\u00bbdefault\u00bb filter_saturate=\u00bb0%\u00bb filter_contrast=\u00bb200%\u00bb hover_enabled=\u00bb0&#8243; global_colors_info=\u00bb{}\u00bb sticky_enabled=\u00bb0&#8243;][et_pb_social_media_follow_network social_network=\u00bbinstagram\u00bb url=\u00bbhttps:\/\/www.instagram.com\/davidcabotd\/?hl=es\u00bb _builder_version=\u00bb4.27.4&#8243; _module_preset=\u00bbdefault\u00bb background_color=\u00bb#ea2c59&#8243; hover_enabled=\u00bb0&#8243; global_colors_info=\u00bb{}\u00bb follow_button=\u00bboff\u00bb url_new_window=\u00bbon\u00bb sticky_enabled=\u00bb0&#8243;]instagram[\/et_pb_social_media_follow_network][et_pb_social_media_follow_network social_network=\u00bbyoutube\u00bb url=\u00bbhttps:\/\/www.youtube.com\/@davidcabotmusic\u00bb _builder_version=\u00bb4.27.4&#8243; _module_preset=\u00bbdefault\u00bb background_color=\u00bb#a82400&#8243; hover_enabled=\u00bb0&#8243; global_colors_info=\u00bb{}\u00bb follow_button=\u00bboff\u00bb url_new_window=\u00bbon\u00bb sticky_enabled=\u00bb0&#8243;]youtube[\/et_pb_social_media_follow_network][\/et_pb_social_media_follow][\/et_pb_column][\/et_pb_row][\/et_pb_section]<\/p>\n","protected":false},"excerpt":{"rendered":"<p>DAVID CABOT es un joven m\u00fasico compositor, nacido en Palma en noviembre de 2005, que se adentra en el mundo de la m\u00fasica aprendiendo guitarra desde los 7 a\u00f1os con profesores como Sebasti\u00e0 Cardell y Omar Lanuti. Unos a\u00f1os m\u00e1s tarde recibe clases de voz y canto por parte de Desiree Duran. Empieza su carrera musical en 2022 con la publicaci\u00f3n de sus dos primeros sencillos \u201cMiracles\u201d y \u201cLa Mar\u201d, grabados y producidos por Toni Morales en el estudio Mono Boost; y ya en 2023, despu\u00e9s de publicar dos nuevos adelantamientos \u201cJa Veus\u201d y \u201cA la Deriva\u201d grabados y producidos por Jaume Gelabert en Tramuntana Estudis, saca su primer disco \u201cINICI\u201d donde muestra, con varios estilos, canciones en catal\u00e1n y en castellano, y con la colaboraci\u00f3n de Joan Muntaner (m\u00fasico y compositor) en el m\u00fasico y compositor. DAVID CABOT es un joven m\u00fasico compositor, nacido en Palma en noviembre de 2005, que se adentra en el mundo de la m\u00fasica aprendiendo guitarra desde los 7 a\u00f1os con profesores como Sebasti\u00e0 Cardell y Omar Lanuti. Unos a\u00f1os m\u00e1s tarde recibe clases de voz y canto por parte de Desiree Duran. Empieza su carrera musical en 2022 con la publicaci\u00f3n de sus dos primeros sencillos \u201cMiracles\u201d y \u201cLa Mar\u201d, grabados y producidos por Toni Morales en el estudio Mono Boost; y ya en 2023, despu\u00e9s de publicar dos nuevos adelantamientos \u201cJa Veus\u201d y \u201cA la Deriva\u201d grabados y producidos por Jaume Gelabert en Tramuntana Estudis, saca su primer disco \u201cINICI\u201d donde muestra, con varios estilos, canciones en catal\u00e1n y en castellano, y con la colaboraci\u00f3n de Joan Muntaner (m\u00fasico y compositor) en el m\u00fasico y compositor. Su proyecto quiere ser una invitaci\u00f3n a hacer una pausa, reflexionar y tomar conciencia de d\u00f3nde estamos, valorando mejor todo lo que nos rodea. En sus canciones nos transporta a sentir la brisa marina, valorarnos y sentir las emociones, sumergi\u00e9ndonos en una nueva atm\u00f3sfera sonora marcada por su tono de voz y las armon\u00edas de la guitarra.<\/p>\n","protected":false},"author":5,"featured_media":1842,"parent":706,"menu_order":0,"comment_status":"closed","ping_status":"closed","template":"","meta":{"_acf_changed":false,"_et_pb_use_builder":"on","_et_pb_old_content":"","_et_gb_content_width":"","footnotes":""},"categories":[17],"tags":[],"class_list":["post-1848","page","type-page","status-publish","has-post-thumbnail","hentry","category-catalogo-booking"],"acf":[],"_links":{"self":[{"href":"https:\/\/www.manangelment.com\/es\/wp-json\/wp\/v2\/pages\/1848","targetHints":{"allow":["GET"]}}],"collection":[{"href":"https:\/\/www.manangelment.com\/es\/wp-json\/wp\/v2\/pages"}],"about":[{"href":"https:\/\/www.manangelment.com\/es\/wp-json\/wp\/v2\/types\/page"}],"author":[{"embeddable":true,"href":"https:\/\/www.manangelment.com\/es\/wp-json\/wp\/v2\/users\/5"}],"replies":[{"embeddable":true,"href":"https:\/\/www.manangelment.com\/es\/wp-json\/wp\/v2\/comments?post=1848"}],"version-history":[{"count":2,"href":"https:\/\/www.manangelment.com\/es\/wp-json\/wp\/v2\/pages\/1848\/revisions"}],"predecessor-version":[{"id":1850,"href":"https:\/\/www.manangelment.com\/es\/wp-json\/wp\/v2\/pages\/1848\/revisions\/1850"}],"up":[{"embeddable":true,"href":"https:\/\/www.manangelment.com\/es\/wp-json\/wp\/v2\/pages\/706"}],"wp:featuredmedia":[{"embeddable":true,"href":"https:\/\/www.manangelment.com\/es\/wp-json\/wp\/v2\/media\/1842"}],"wp:attachment":[{"href":"https:\/\/www.manangelment.com\/es\/wp-json\/wp\/v2\/media?parent=1848"}],"wp:term":[{"taxonomy":"category","embeddable":true,"href":"https:\/\/www.manangelment.com\/es\/wp-json\/wp\/v2\/categories?post=1848"},{"taxonomy":"post_tag","embeddable":true,"href":"https:\/\/www.manangelment.com\/es\/wp-json\/wp\/v2\/tags?post=1848"}],"curies":[{"name":"wp","href":"https:\/\/api.w.org\/{rel}","templated":true}]}}