{"id":1825,"date":"2025-08-30T15:37:57","date_gmt":"2025-08-30T13:37:57","guid":{"rendered":"https:\/\/www.manangelment.com\/catalogo-artistico-catalogo-cacim\/mase-jara-quartet-2\/"},"modified":"2026-01-14T13:14:21","modified_gmt":"2026-01-14T11:14:21","slug":"mase-jara-quartet-2","status":"publish","type":"page","link":"https:\/\/www.manangelment.com\/es\/catalogo-artistico-catalogo-cacim\/mase-jara-quartet-2\/","title":{"rendered":"Mase Jara Quartet"},"content":{"rendered":"<p>[et_pb_section fb_built=\u00bb1&#8243; _builder_version=\u00bb4.27.4&#8243; _module_preset=\u00bbdefault\u00bb global_colors_info=\u00bb{}\u00bb][et_pb_row _builder_version=\u00bb4.27.4&#8243; _module_preset=\u00bbdefault\u00bb global_colors_info=\u00bb{}\u00bb][et_pb_column type=\u00bb4_4&#8243; _builder_version=\u00bb4.27.4&#8243; _module_preset=\u00bbdefault\u00bb global_colors_info=\u00bb{}\u00bb][et_pb_text _builder_version=\u00bb4.27.4&#8243; _module_preset=\u00bbdefault\u00bb text_font=\u00bb|800|||||||\u00bb text_line_height=\u00bb1em\u00bb header_font=\u00bb|800||on|||||\u00bb header_font_size=\u00bb70px\u00bb width=\u00bb100%\u00bb max_width=\u00bb100%\u00bb min_height=\u00bb100px\u00bb global_colors_info=\u00bb{}\u00bb]<\/p>\n<h1 style=\"text-align: left;\"><span>Mase Jara Quartet<\/span><\/h1>\n<p>[\/et_pb_text][et_pb_image src=\u00bbhttps:\/\/www.manangelment.com\/wp-content\/uploads\/2025\/10\/mase-captura-2.png\u00bb _builder_version=\u00bb4.27.4&#8243; _module_preset=\u00bbdefault\u00bb theme_builder_area=\u00bbpost_content\u00bb hover_enabled=\u00bb0&#8243; sticky_enabled=\u00bb0&#8243;][\/et_pb_image][\/et_pb_column][\/et_pb_row][et_pb_row column_structure=\u00bb1_2,1_2&#8243; _builder_version=\u00bb4.27.4&#8243; _module_preset=\u00bbdefault\u00bb global_colors_info=\u00bb{}\u00bb][et_pb_column type=\u00bb1_2&#8243; _builder_version=\u00bb4.27.4&#8243; _module_preset=\u00bbdefault\u00bb global_colors_info=\u00bb{}\u00bb][et_pb_text _builder_version=\u00bb4.27.4&#8243; _module_preset=\u00bbdefault\u00bb global_colors_info=\u00bb{}\u00bb]<\/p>\n<p>Mas\u00e9 Jara, son un grupo de jazz vocal. Tocan generalmente jazz, tanto temas propios como otros artistas. disponen de un repertorio para una hora y media de m\u00fasica aproximadamente (extensible). Sus miembros son: Teo Salv\u00e1 (bater\u00eda), Sergio Llopis (piano), Jaume Bl\u00e1zquez (trompeta), Juanan Torrandell (contrabajo) y Mas\u00e9 Jara (voz).   <\/p>\n<p>Mas\u00e9 Jara comienza a estudiar canto jazz con tan s\u00f3lo 15 a\u00f1os con la titulada Superior en la materia: Catalina Moll. A los 19 entra en el Conservatorio Superior de las Islas Baleares, en el que actualmente cursa el Grado Superior de Jazz y M\u00fasica Moderna y el Grado Superior de Pedagog\u00eda de la m\u00fasica. Ha tocado con diferentes formaciones<br \/>con las que ha actuado por toda la isla. Ha cantado con Berliner Philarmonike en Berl\u00edn (2014) como miembro de una coral y ha participado en el disco \u201cVoiceover vol.1\u201d del grupo Highlands Project, grupo con el que ha actuado en el Teatro Principal de Palma dos veces y en el teatro de Alc\u00fadia como motivo del Festival de Jazz de Alc\u00fadia (2017). Ha interpretado en el Teatrre Xesc Fortesa con la Big Band del Conservatorio Superior, el proyecto \u00abRufaka\u00bb del director y compositor Sergi Verg\u00e9s. Actualmente presenta su proyecto personal con su quinteto, en el que se encuentran composiciones y arreglos propios.     <\/p>\n<p>[\/et_pb_text][\/et_pb_column][et_pb_column type=\u00bb1_2&#8243; _builder_version=\u00bb4.27.4&#8243; _module_preset=\u00bbdefault\u00bb global_colors_info=\u00bb{}\u00bb][et_pb_button button_url=\u00bb&lt;!&#8211;&#91;CDATA&#91;https:\/\/www.manangelment.com\/wp-content\/uploads\/2025\/10\/MASE-JARA-DOSSIER.pdf&#93;&#93;&#8211;&gt;\u00bb url_new_window=\u00bbon\u00bb button_text=\u00bbDosier\u00bb _builder_version=\u00bb4.27.4&#8243; _module_preset=\u00bbdefault\u00bb hover_enabled=\u00bb0&#8243; global_colors_info=\u00bb{}\u00bb sticky_enabled=\u00bb0&#8243;][\/et_pb_button][et_pb_social_media_follow icon_color=\u00bb#FFFFFF\u00bb use_icon_font_size=\u00bbon\u00bb icon_font_size=\u00bb15px\u00bb _builder_version=\u00bb4.27.4&#8243; _module_preset=\u00bbdefault\u00bb filter_saturate=\u00bb0%\u00bb filter_contrast=\u00bb200%\u00bb global_colors_info=\u00bb{}\u00bb][et_pb_social_media_follow_network social_network=\u00bbinstagram\u00bb _builder_version=\u00bb4.27.4&#8243; _module_preset=\u00bbdefault\u00bb background_color=\u00bb#ea2c59&#8243; global_colors_info=\u00bb{}\u00bb follow_button=\u00bboff\u00bb url_new_window=\u00bbon\u00bb]instagram[\/et_pb_social_media_follow_network][\/et_pb_social_media_follow][\/et_pb_column][\/et_pb_row][\/et_pb_section][et_pb_section fb_built=\u00bb1&#8243; theme_builder_area=\u00bbpost_content\u00bb _builder_version=\u00bb4.27.4&#8243; _module_preset=\u00bbdefault\u00bb][et_pb_row _builder_version=\u00bb4.27.4&#8243; _module_preset=\u00bbdefault\u00bb theme_builder_area=\u00bbpost_content\u00bb][et_pb_column _builder_version=\u00bb4.27.4&#8243; _module_preset=\u00bbdefault\u00bb theme_builder_area=\u00bbpost_content\u00bb type=\u00bb4_4&#8243;][\/et_pb_column][\/et_pb_row][\/et_pb_section]<\/p>\n","protected":false},"excerpt":{"rendered":"<p>Mase Jara QuartetMas\u00e9 Jara, son un grupo de jazz vocal. Tocan generalmente jazz, tanto temas propios como otros artistas. disponen de un repertorio para una hora y media de m\u00fasica aproximadamente (extensible). Sus miembros son: Teo Salv\u00e1 (bater\u00eda), Sergio Llopis (piano), Jaume Bl\u00e1zquez (trompeta), Juanan Torrandell (contrabajo) y Mas\u00e9 Jara (voz). Mas\u00e9 Jara comienza a [&hellip;]<\/p>\n","protected":false},"author":2,"featured_media":1141,"parent":706,"menu_order":0,"comment_status":"closed","ping_status":"closed","template":"page-template-blank.php","meta":{"_acf_changed":false,"_et_pb_use_builder":"on","_et_pb_old_content":"","_et_gb_content_width":"","footnotes":""},"categories":[18],"tags":[],"class_list":["post-1825","page","type-page","status-publish","has-post-thumbnail","hentry","category-catalogo-jazz"],"acf":[],"_links":{"self":[{"href":"https:\/\/www.manangelment.com\/es\/wp-json\/wp\/v2\/pages\/1825","targetHints":{"allow":["GET"]}}],"collection":[{"href":"https:\/\/www.manangelment.com\/es\/wp-json\/wp\/v2\/pages"}],"about":[{"href":"https:\/\/www.manangelment.com\/es\/wp-json\/wp\/v2\/types\/page"}],"author":[{"embeddable":true,"href":"https:\/\/www.manangelment.com\/es\/wp-json\/wp\/v2\/users\/2"}],"replies":[{"embeddable":true,"href":"https:\/\/www.manangelment.com\/es\/wp-json\/wp\/v2\/comments?post=1825"}],"version-history":[{"count":2,"href":"https:\/\/www.manangelment.com\/es\/wp-json\/wp\/v2\/pages\/1825\/revisions"}],"predecessor-version":[{"id":1827,"href":"https:\/\/www.manangelment.com\/es\/wp-json\/wp\/v2\/pages\/1825\/revisions\/1827"}],"up":[{"embeddable":true,"href":"https:\/\/www.manangelment.com\/es\/wp-json\/wp\/v2\/pages\/706"}],"wp:featuredmedia":[{"embeddable":true,"href":"https:\/\/www.manangelment.com\/es\/wp-json\/wp\/v2\/media\/1141"}],"wp:attachment":[{"href":"https:\/\/www.manangelment.com\/es\/wp-json\/wp\/v2\/media?parent=1825"}],"wp:term":[{"taxonomy":"category","embeddable":true,"href":"https:\/\/www.manangelment.com\/es\/wp-json\/wp\/v2\/categories?post=1825"},{"taxonomy":"post_tag","embeddable":true,"href":"https:\/\/www.manangelment.com\/es\/wp-json\/wp\/v2\/tags?post=1825"}],"curies":[{"name":"wp","href":"https:\/\/api.w.org\/{rel}","templated":true}]}}