{"id":1822,"date":"2025-08-30T15:45:42","date_gmt":"2025-08-30T13:45:42","guid":{"rendered":"https:\/\/www.manangelment.com\/catalogo-artistico-catalogo-cacim\/lacomba-quartet-2\/"},"modified":"2026-01-14T13:12:04","modified_gmt":"2026-01-14T11:12:04","slug":"lacomba-quartet-2","status":"publish","type":"page","link":"https:\/\/www.manangelment.com\/es\/catalogo-artistico-catalogo-cacim\/lacomba-quartet-2\/","title":{"rendered":"Lacomba Quartet"},"content":{"rendered":"<p>[et_pb_section fb_built=\u00bb1&#8243; _builder_version=\u00bb4.27.4&#8243; _module_preset=\u00bbdefault\u00bb global_colors_info=\u00bb{}\u00bb][et_pb_row _builder_version=\u00bb4.27.4&#8243; _module_preset=\u00bbdefault\u00bb global_colors_info=\u00bb{}\u00bb][et_pb_column type=\u00bb4_4&#8243; _builder_version=\u00bb4.27.4&#8243; _module_preset=\u00bbdefault\u00bb global_colors_info=\u00bb{}\u00bb][et_pb_text _builder_version=\u00bb4.27.4&#8243; _module_preset=\u00bbdefault\u00bb text_font=\u00bb|800|||||||\u00bb text_line_height=\u00bb1em\u00bb header_font=\u00bb|800||on|||||\u00bb header_font_size=\u00bb70px\u00bb width=\u00bb100%\u00bb max_width=\u00bb100%\u00bb min_height=\u00bb100px\u00bb global_colors_info=\u00bb{}\u00bb]<\/p>\n<h1 style=\"text-align: left;\"><span>Lacomba Quartet<\/span><\/h1>\n<p>[\/et_pb_text][et_pb_image src=\u00bbhttps:\/\/www.manangelment.com\/wp-content\/uploads\/2025\/10\/lacomba-quartet.jpg\u00bb _builder_version=\u00bb4.27.4&#8243; _module_preset=\u00bbdefault\u00bb theme_builder_area=\u00bbpost_content\u00bb hover_enabled=\u00bb0&#8243; sticky_enabled=\u00bb0&#8243;][\/et_pb_image][\/et_pb_column][\/et_pb_row][et_pb_row column_structure=\u00bb1_2,1_2&#8243; _builder_version=\u00bb4.27.4&#8243; _module_preset=\u00bbdefault\u00bb global_colors_info=\u00bb{}\u00bb][et_pb_column type=\u00bb1_2&#8243; _builder_version=\u00bb4.27.4&#8243; _module_preset=\u00bbdefault\u00bb global_colors_info=\u00bb{}\u00bb][et_pb_text _builder_version=\u00bb4.27.4&#8243; _module_preset=\u00bbdefault\u00bb global_colors_info=\u00bb{}\u00bb][\/et_pb_text][\/et_pb_column][et_pb_column type=\u00bb1_2&#8243; _builder_version=\u00bb4.27.4&#8243; _module_preset=\u00bbdefault\u00bb global_colors_info=\u00bb{}\u00bb][et_pb_button button_url=\u00bb#\u00bb url_new_window=\u00bbon\u00bb button_text=\u00bbDosier\u00bb _builder_version=\u00bb4.27.4&#8243; _module_preset=\u00bbdefault\u00bb global_colors_info=\u00bb{}\u00bb][\/et_pb_button][et_pb_social_media_follow icon_color=\u00bb#FFFFFF\u00bb use_icon_font_size=\u00bbon\u00bb icon_font_size=\u00bb15px\u00bb _builder_version=\u00bb4.27.4&#8243; _module_preset=\u00bbdefault\u00bb filter_saturate=\u00bb0%\u00bb filter_contrast=\u00bb200%\u00bb global_colors_info=\u00bb{}\u00bb][et_pb_social_media_follow_network social_network=\u00bbinstagram\u00bb _builder_version=\u00bb4.27.4&#8243; _module_preset=\u00bbdefault\u00bb background_color=\u00bb#ea2c59&#8243; global_colors_info=\u00bb{}\u00bb follow_button=\u00bboff\u00bb url_new_window=\u00bbon\u00bb]instagram[\/et_pb_social_media_follow_network][\/et_pb_social_media_follow][\/et_pb_column][\/et_pb_row][\/et_pb_section][et_pb_section fb_built=\u00bb1&#8243; theme_builder_area=\u00bbpost_content\u00bb _builder_version=\u00bb4.27.4&#8243; _module_preset=\u00bbdefault\u00bb][et_pb_row _builder_version=\u00bb4.27.4&#8243; _module_preset=\u00bbdefault\u00bb theme_builder_area=\u00bbpost_content\u00bb][et_pb_column _builder_version=\u00bb4.27.4&#8243; _module_preset=\u00bbdefault\u00bb theme_builder_area=\u00bbpost_content\u00bb type=\u00bb4_4&#8243;][\/et_pb_column][\/et_pb_row][\/et_pb_section]<\/p>\n","protected":false},"excerpt":{"rendered":"<p>El proyecto \u201cMiquel \u00c0ngel Lacomba cuarteto\u201d surge recientemente despu\u00e9s de diez a\u00f1os de composici\u00f3n por parte del pianista Miquel \u00c0ngel Lacomba. Las influencias son diversas: jazz, latin jazz, m\u00fasica cl\u00e1sica y contempor\u00e1nea. <\/p>\n<p>Recientemente ha publicado un EP con 5 temas titulado Coc\u00f3. Los temas se caracterizan por estar llenos de lirismo, sensibilidad, introversi\u00f3n y sutileza. En algunos de ellos, las estructuras arm\u00f3nicas, huyendo de los patrones arm\u00f3nicos habituales, buscan cierta complejidad y libertad, permitiendo amplias perspectivas de expresi\u00f3n musical.  <\/p>\n<p>El proceso de composici\u00f3n, realizado con cuidado y reflexi\u00f3n, se ha enriquecido gracias a la formaci\u00f3n del cuarteto, compuesto por los m\u00fasicos Marco Lohikari en el contrabajo, Teo Salv\u00e0 en la bater\u00eda, Jaume Bl\u00e0zquez en el fliscorno y Miquel \u00c0ngel Lacomba en el piano.<\/p>\n<p>Las composiciones musicales, sin estar condicionadas a un estilo concreto, claramente expresan el lenguaje musical del jazz, pudiendo disfrutar de esta forma de las improvisaciones y alternancias entre los m\u00fasicos.<\/p>\n","protected":false},"author":2,"featured_media":1127,"parent":706,"menu_order":0,"comment_status":"closed","ping_status":"closed","template":"page-template-blank.php","meta":{"_acf_changed":false,"_et_pb_use_builder":"on","_et_pb_old_content":"","_et_gb_content_width":"","footnotes":""},"categories":[18],"tags":[],"class_list":["post-1822","page","type-page","status-publish","has-post-thumbnail","hentry","category-catalogo-jazz"],"acf":[],"_links":{"self":[{"href":"https:\/\/www.manangelment.com\/es\/wp-json\/wp\/v2\/pages\/1822","targetHints":{"allow":["GET"]}}],"collection":[{"href":"https:\/\/www.manangelment.com\/es\/wp-json\/wp\/v2\/pages"}],"about":[{"href":"https:\/\/www.manangelment.com\/es\/wp-json\/wp\/v2\/types\/page"}],"author":[{"embeddable":true,"href":"https:\/\/www.manangelment.com\/es\/wp-json\/wp\/v2\/users\/2"}],"replies":[{"embeddable":true,"href":"https:\/\/www.manangelment.com\/es\/wp-json\/wp\/v2\/comments?post=1822"}],"version-history":[{"count":2,"href":"https:\/\/www.manangelment.com\/es\/wp-json\/wp\/v2\/pages\/1822\/revisions"}],"predecessor-version":[{"id":1824,"href":"https:\/\/www.manangelment.com\/es\/wp-json\/wp\/v2\/pages\/1822\/revisions\/1824"}],"up":[{"embeddable":true,"href":"https:\/\/www.manangelment.com\/es\/wp-json\/wp\/v2\/pages\/706"}],"wp:featuredmedia":[{"embeddable":true,"href":"https:\/\/www.manangelment.com\/es\/wp-json\/wp\/v2\/media\/1127"}],"wp:attachment":[{"href":"https:\/\/www.manangelment.com\/es\/wp-json\/wp\/v2\/media?parent=1822"}],"wp:term":[{"taxonomy":"category","embeddable":true,"href":"https:\/\/www.manangelment.com\/es\/wp-json\/wp\/v2\/categories?post=1822"},{"taxonomy":"post_tag","embeddable":true,"href":"https:\/\/www.manangelment.com\/es\/wp-json\/wp\/v2\/tags?post=1822"}],"curies":[{"name":"wp","href":"https:\/\/api.w.org\/{rel}","templated":true}]}}