{"id":1819,"date":"2025-08-30T15:13:20","date_gmt":"2025-08-30T13:13:20","guid":{"rendered":"https:\/\/www.manangelment.com\/catalogo-artistico-catalogo-cacim\/tiu-2\/"},"modified":"2026-01-14T13:09:08","modified_gmt":"2026-01-14T11:09:08","slug":"tiu-2","status":"publish","type":"page","link":"https:\/\/www.manangelment.com\/es\/catalogo-artistico-catalogo-cacim\/tiu-2\/","title":{"rendered":"TIU"},"content":{"rendered":"<p>[et_pb_section fb_built=\u00bb1&#8243; _builder_version=\u00bb4.27.4&#8243; _module_preset=\u00bbdefault\u00bb global_colors_info=\u00bb{}\u00bb][et_pb_row _builder_version=\u00bb4.27.4&#8243; _module_preset=\u00bbdefault\u00bb global_colors_info=\u00bb{}\u00bb][et_pb_column type=\u00bb4_4&#8243; _builder_version=\u00bb4.27.4&#8243; _module_preset=\u00bbdefault\u00bb global_colors_info=\u00bb{}\u00bb][et_pb_text _builder_version=\u00bb4.27.4&#8243; _module_preset=\u00bbdefault\u00bb text_font=\u00bb|800|||||||\u00bb text_line_height=\u00bb1em\u00bb header_font=\u00bb|800||on|||||\u00bb header_font_size=\u00bb70px\u00bb width=\u00bb100%\u00bb max_width=\u00bb100%\u00bb min_height=\u00bb100px\u00bb global_colors_info=\u00bb{}\u00bb]<\/p>\n<h1 style=\"text-align: left;\">TIU<\/h1>\n<p>[\/et_pb_text][et_pb_image src=\u00bbhttps:\/\/www.manangelment.com\/wp-content\/uploads\/2025\/10\/2.tiu_-scaled-2.jpg\u00bb _builder_version=\u00bb4.27.4&#8243; _module_preset=\u00bbdefault\u00bb theme_builder_area=\u00bbpost_content\u00bb hover_enabled=\u00bb0&#8243; sticky_enabled=\u00bb0&#8243;][\/et_pb_image][\/et_pb_column][\/et_pb_row][et_pb_row column_structure=\u00bb1_2,1_2&#8243; _builder_version=\u00bb4.27.4&#8243; _module_preset=\u00bbdefault\u00bb global_colors_info=\u00bb{}\u00bb][et_pb_column type=\u00bb1_2&#8243; _builder_version=\u00bb4.27.4&#8243; _module_preset=\u00bbdefault\u00bb global_colors_info=\u00bb{}\u00bb][et_pb_text _builder_version=\u00bb4.27.4&#8243; _module_preset=\u00bbdefault\u00bb global_colors_info=\u00bb{}\u00bb]\u201cASSAIG OBERT\u201d, el nuevo trabajo musical de Tiu. Si en 2008 Tiu nos convirti\u00f3 en musicogastronomos con \u201cMusicogastronomia\u201d (2008 Produccions Blau), en 2009 nos ense\u00f1\u00f3 a querer una \u201cSopeta de caldo\u201d (2009 Produccions Blau) y en 2013 nos dej\u00f3 bailando con \u201cPink Poma2\u201d (2) a\u00f1os de barbecho, Tiu vuelve y nos invita a disfrutar de su nuevo disco \u201cAssaig Obert\u201d (RGB Suports, 2024). Un trabajo que canta a quien ama, a quien se enamora, a quien se enfada, a quien celebra, ya quien engrosa.  <\/p>\n<p>Tiu se desnuda y canta en \u201cAssaig Obert\u201d, 12 cap\u00edtulos de intimidad donde las referencias gastron\u00f3micas, los paisajes tradicionales y las costumbres siguen presentes y en equilibrio. \u201cEnsayo Abierto\u201d quiere ser un rato de m\u00fasica honesta, sencilla y cercana que presenta acompa\u00f1ada de grandes m\u00fasicos como Jordi Tugores y Pere D\u00e0vila. \u201cEs importante saber desde d\u00f3nde se hacen las cosas, no s\u00f3lo hacerlas\u201d, dice Tiu.[\/et_pb_text][\/et_pb_column][et_pb_column type=\u00bb1_2&#8243; _builder_version=\u00bb4.27.4&#8243; _module_preset=\u00bbdefault\u00bb global_colors_info=\u00bb{}\u00bb][et_pb_button button_url=\u00bbhttps:\/\/www.manangelment.com\/wp-content\/uploads\/2025\/10\/DOSSIER_TIU-CAT.pdf\u00bb url_new_window=\u00bbon\u00bb button_text=\u00bbDosier\u00bb _builder_version=\u00bb4.27.4&#8243; _module_preset=\u00bbdefault\u00bb hover_enabled=\u00bb0&#8243; global_colors_info=\u00bb{}\u00bb sticky_enabled=\u00bb0&#8243;][\/et_pb_button][et_pb_social_media_follow icon_color=\u00bb#FFFFFF\u00bb use_icon_font_size=\u00bbon\u00bb icon_font_size=\u00bb15px\u00bb _builder_version=\u00bb4.27.4&#8243; _module_preset=\u00bbdefault\u00bb filter_saturate=\u00bb0%\u00bb filter_contrast=\u00bb200%\u00bb global_colors_info=\u00bb{}\u00bb][et_pb_social_media_follow_network social_network=\u00bbinstagram\u00bb _builder_version=\u00bb4.27.4&#8243; _module_preset=\u00bbdefault\u00bb background_color=\u00bb#ea2c59&#8243; global_colors_info=\u00bb{}\u00bb follow_button=\u00bboff\u00bb url_new_window=\u00bbon\u00bb]instagram[\/et_pb_social_media_follow_network][\/et_pb_social_media_follow][\/et_pb_column][\/et_pb_row][\/et_pb_section][et_pb_section fb_built=\u00bb1&#8243; _builder_version=\u00bb4.27.4&#8243; _module_preset=\u00bbdefault\u00bb global_colors_info=\u00bb{}\u00bb][et_pb_row _builder_version=\u00bb4.27.4&#8243; _module_preset=\u00bbdefault\u00bb global_colors_info=\u00bb{}\u00bb][et_pb_column type=\u00bb4_4&#8243; _builder_version=\u00bb4.27.4&#8243; _module_preset=\u00bbdefault\u00bb global_colors_info=\u00bb{}\u00bb][\/et_pb_column][\/et_pb_row][\/et_pb_section][et_pb_section fb_built=\u00bb1&#8243; theme_builder_area=\u00bbpost_content\u00bb _builder_version=\u00bb4.27.4&#8243; _module_preset=\u00bbdefault\u00bb][et_pb_row _builder_version=\u00bb4.27.4&#8243; _module_preset=\u00bbdefault\u00bb theme_builder_area=\u00bbpost_content\u00bb][et_pb_column _builder_version=\u00bb4.27.4&#8243; _module_preset=\u00bbdefault\u00bb theme_builder_area=\u00bbpost_content\u00bb type=\u00bb4_4&#8243;][\/et_pb_column][\/et_pb_row][\/et_pb_section]<\/p>\n","protected":false},"excerpt":{"rendered":"<p>\u201cASSAIG OBERT\u201d, el nuevo trabajo musical de Tiu. Si en 2008 Tiu nos convirti\u00f3 en musicogastronomos con \u201cMusicogastronomia\u201d (2008 Produccions Blau), en 2009 nos ense\u00f1\u00f3 a querer una \u201cSopeta de caldo\u201d (2009 Produccions Blau) y en 2013 nos dej\u00f3 bailando con \u201cPink Poma2\u201d (2) a\u00f1os de barbecho, Tiu vuelve y nos invita a disfrutar de su nuevo disco \u201cAssaig Obert\u201d (RGB Suports, 2024). Un trabajo que canta a quien ama, a quien se enamora, a quien se enfada, a quien celebra, ya quien engrosa.  <\/p>\n<p>Tiu se desnuda y canta en \u201cAssaig Obert\u201d, 12 cap\u00edtulos de intimidad donde las referencias gastron\u00f3micas, los paisajes tradicionales y las costumbres siguen presentes y en equilibrio. \u201cEnsayo Abierto\u201d quiere ser un rato de m\u00fasica honesta, sencilla y cercana que presenta acompa\u00f1ada de grandes m\u00fasicos como Jordi Tugores y Pere D\u00e0vila. \u201cEs importante saber desde d\u00f3nde se hacen las cosas, no s\u00f3lo hacerlas\u201d, dice Tiu.  <\/p>\n","protected":false},"author":2,"featured_media":1092,"parent":706,"menu_order":0,"comment_status":"closed","ping_status":"closed","template":"page-template-blank.php","meta":{"_acf_changed":false,"_et_pb_use_builder":"on","_et_pb_old_content":"","_et_gb_content_width":"","footnotes":""},"categories":[16],"tags":[],"class_list":["post-1819","page","type-page","status-publish","has-post-thumbnail","hentry","category-catalogo-exclusivas"],"acf":[],"_links":{"self":[{"href":"https:\/\/www.manangelment.com\/es\/wp-json\/wp\/v2\/pages\/1819","targetHints":{"allow":["GET"]}}],"collection":[{"href":"https:\/\/www.manangelment.com\/es\/wp-json\/wp\/v2\/pages"}],"about":[{"href":"https:\/\/www.manangelment.com\/es\/wp-json\/wp\/v2\/types\/page"}],"author":[{"embeddable":true,"href":"https:\/\/www.manangelment.com\/es\/wp-json\/wp\/v2\/users\/2"}],"replies":[{"embeddable":true,"href":"https:\/\/www.manangelment.com\/es\/wp-json\/wp\/v2\/comments?post=1819"}],"version-history":[{"count":2,"href":"https:\/\/www.manangelment.com\/es\/wp-json\/wp\/v2\/pages\/1819\/revisions"}],"predecessor-version":[{"id":1821,"href":"https:\/\/www.manangelment.com\/es\/wp-json\/wp\/v2\/pages\/1819\/revisions\/1821"}],"up":[{"embeddable":true,"href":"https:\/\/www.manangelment.com\/es\/wp-json\/wp\/v2\/pages\/706"}],"wp:featuredmedia":[{"embeddable":true,"href":"https:\/\/www.manangelment.com\/es\/wp-json\/wp\/v2\/media\/1092"}],"wp:attachment":[{"href":"https:\/\/www.manangelment.com\/es\/wp-json\/wp\/v2\/media?parent=1819"}],"wp:term":[{"taxonomy":"category","embeddable":true,"href":"https:\/\/www.manangelment.com\/es\/wp-json\/wp\/v2\/categories?post=1819"},{"taxonomy":"post_tag","embeddable":true,"href":"https:\/\/www.manangelment.com\/es\/wp-json\/wp\/v2\/tags?post=1819"}],"curies":[{"name":"wp","href":"https:\/\/api.w.org\/{rel}","templated":true}]}}