{"id":1816,"date":"2025-08-30T14:47:37","date_gmt":"2025-08-30T12:47:37","guid":{"rendered":"https:\/\/www.manangelment.com\/suasi\/"},"modified":"2026-01-14T13:05:16","modified_gmt":"2026-01-14T11:05:16","slug":"suasi","status":"publish","type":"page","link":"https:\/\/www.manangelment.com\/es\/suasi\/","title":{"rendered":"Suasi"},"content":{"rendered":"<p>[et_pb_section fb_built=\u00bb1&#8243; _builder_version=\u00bb4.27.4&#8243; _module_preset=\u00bbdefault\u00bb global_colors_info=\u00bb{}\u00bb][et_pb_row _builder_version=\u00bb4.27.4&#8243; _module_preset=\u00bbdefault\u00bb global_colors_info=\u00bb{}\u00bb][et_pb_column type=\u00bb4_4&#8243; _builder_version=\u00bb4.27.4&#8243; _module_preset=\u00bbdefault\u00bb global_colors_info=\u00bb{}\u00bb][et_pb_text _builder_version=\u00bb4.27.4&#8243; _module_preset=\u00bbdefault\u00bb text_font=\u00bb|800|||||||\u00bb text_line_height=\u00bb1em\u00bb header_font=\u00bb|800||on|||||\u00bb header_font_size=\u00bb70px\u00bb width=\u00bb100%\u00bb max_width=\u00bb100%\u00bb min_height=\u00bb100px\u00bb global_colors_info=\u00bb{}\u00bb]<\/p>\n<h1 style=\"text-align: left;\">SUASI<\/h1>\n<p>[\/et_pb_text][et_pb_image src=\u00bbhttps:\/\/www.manangelment.com\/wp-content\/uploads\/2025\/12\/SUASI_OCTUBRE-06-scaled.jpg\u00bb _builder_version=\u00bb4.27.4&#8243; _module_preset=\u00bbdefault\u00bb theme_builder_area=\u00bbpost_content\u00bb hover_enabled=\u00bb0&#8243; sticky_enabled=\u00bb0&#8243;][\/et_pb_image][\/et_pb_column][\/et_pb_row][et_pb_row column_structure=\u00bb1_2,1_2&#8243; _builder_version=\u00bb4.27.4&#8243; _module_preset=\u00bbdefault\u00bb global_colors_info=\u00bb{}\u00bb][et_pb_column type=\u00bb1_2&#8243; _builder_version=\u00bb4.27.4&#8243; _module_preset=\u00bbdefault\u00bb global_colors_info=\u00bb{}\u00bb][et_pb_text _builder_version=\u00bb4.27.4&#8243; _module_preset=\u00bbdefault\u00bb global_colors_info=\u00bb{}\u00bb]<\/p>\n<p>El 2023 lleg\u00f3 con nuevo disco de SUASI \u201cPECES D&#8217;ANTIQUARI\u201d (RGB Suports, 2023). Un disco con esencia folk americano, donde las capas electr\u00f3nicas, fuzzs, pedal steel, guitarras ac\u00fasticas y las melod\u00edas de las voces ser\u00e1 la banda sonora de las plazas de todo el mundo: Mallorca, Menorca, Ibiza, Formentera Catalunya y Pa\u00eds Valenci\u00e0. <\/p>\n<p>La idea es acercar la m\u00fasica de los mallorquines a los lugares donde est\u00e1 la gente (d\u00edas de mercado, ferias, eventos) donde la m\u00fasica, la puesta en escena y la imagen del grupo, ser\u00e1n la banda sonora de mediod\u00eda. Cinco m\u00fasicos, un escen\u00f3grafo y dos t\u00e9cnicos son los encargados de la performance y de la presentaci\u00f3n del \u00faltimo disco de SUASI. Es un espect\u00e1culo a pie de calle, a pie de plaza, sin escenario f\u00edsico. Pensado para todos los p\u00fablicos, con este directo, lo que busca la formaci\u00f3n mallorquina es ofrecer un concierto cercano, org\u00e1nico y sin estridencias. Su principal objetivo es hacer llegar la m\u00fasica a los lugares donde la gente pasea y vive para que pueda disfrutarla. Cuando empiece a hacer buen tiempo y las terrazas se llenen de gente SUASI ser\u00e1n una opci\u00f3n ideal para ser el paisaje sonoro de los mediod\u00edas. Gracias a su formato vers\u00e1til, tambi\u00e9n tiene cabida en los distintos festivales.      <\/p>\n<p>[\/et_pb_text][\/et_pb_column][et_pb_column type=\u00bb1_2&#8243; _builder_version=\u00bb4.27.4&#8243; _module_preset=\u00bbdefault\u00bb global_colors_info=\u00bb{}\u00bb][et_pb_button button_url=\u00bb&lt;!&#8211;&#91;CDATA&#91;https:\/\/www.manangelment.com\/wp-content\/uploads\/2025\/12\/DOSSIER_SUASI_NOV2025-CAT.pdf&#93;&#93;&#8211;&gt;\u00bb url_new_window=\u00bbon\u00bb button_text=\u00bbDosier\u00bb _builder_version=\u00bb4.27.4&#8243; _module_preset=\u00bbdefault\u00bb hover_enabled=\u00bb0&#8243; global_colors_info=\u00bb{}\u00bb sticky_enabled=\u00bb0&#8243;][\/et_pb_button][et_pb_social_media_follow icon_color=\u00bb#FFFFFF\u00bb use_icon_font_size=\u00bbon\u00bb icon_font_size=\u00bb15px\u00bb _builder_version=\u00bb4.27.4&#8243; _module_preset=\u00bbdefault\u00bb filter_saturate=\u00bb0%\u00bb filter_contrast=\u00bb200%\u00bb global_colors_info=\u00bb{}\u00bb][et_pb_social_media_follow_network social_network=\u00bbinstagram\u00bb _builder_version=\u00bb4.27.4&#8243; _module_preset=\u00bbdefault\u00bb background_color=\u00bb#ea2c59&#8243; global_colors_info=\u00bb{}\u00bb follow_button=\u00bboff\u00bb url_new_window=\u00bbon\u00bb]instagram[\/et_pb_social_media_follow_network][\/et_pb_social_media_follow][\/et_pb_column][\/et_pb_row][\/et_pb_section]<\/p>\n","protected":false},"excerpt":{"rendered":"<p>Suasi (Mallorca) es un grupo de amigos y grandes m\u00fasicos que quieren seguir haciendo lo que m\u00e1s les gusta, tocar en directo y hacer discos sin pasar por ning\u00fan filtro. \u00abSolo es rock, pero nos gusta.\u00bb En 2009, Pep Suasi empez\u00f3 su carrera en solitario con el disco \u00abSuasi\u00bb, un EP con cuatro canciones propias queriendo continuar haciendo camino como m\u00e1s le gusta, haciendo m\u00fasica. Estos 15 a\u00f1os vienen acompa\u00f1ados de 6 discos donde en cada uno se desnuda mostrando su momento vital y musical.    <\/p>\n<p>Para este 2026 tenemos un nuevo disco preparado, este pr\u00f3ximo mes de diciembre, habr\u00e1 el adelanto del primer sencillo, este nuevo disco saldr\u00e1 a principios de 2026 con una recopilaci\u00f3n de 8 buenas intenciones sonoras, cargadas de rock-folk \u00abAmeric\u00e0\u00bb.<br \/>\n\u00abGira-sols\u00bb, es una continuidad del anterior \u00abPeces d&#8217;antiquari\u00bb (RGB Soportes 2024) con la diferencia de la incorporaci\u00f3n de Gori Matas en el Rodes\/Hammond\/Piano y en la producci\u00f3n y direcci\u00f3n musical de Jes\u00fas Rovira (Casa Murada), pero todav\u00eda hacemos canciones, directas, sinceras, quo trampas. <\/p>\n<p>Para los directos de \u00abGira-sols\u00bb habr\u00e1 dos formatos diferentes, uno m\u00e1s convencional pensado para los escenarios y salas, y el otro es una propuesta original, de 360\u00b0, donde el p\u00fablico envuelve el concierto con la voluntad de acercar la m\u00fasica a la gente. Es un espect\u00e1culo a pie de calle, a pie de plaza, sin escenario f\u00edsico. Pensado para todos los p\u00fablicos, con este directo, lo que busca el quinteto mallorqu\u00edn es ofrecer un concierto cercano, org\u00e1nico y sin estridencias. Haciendo llegar la m\u00fasica a los lugares donde la gente pasea y vive para que pueda disfrutarla.   <\/p>\n","protected":false},"author":1,"featured_media":1757,"parent":0,"menu_order":0,"comment_status":"closed","ping_status":"closed","template":"","meta":{"_acf_changed":false,"_et_pb_use_builder":"on","_et_pb_old_content":"","_et_gb_content_width":"","footnotes":""},"categories":[16],"tags":[],"class_list":["post-1816","page","type-page","status-publish","has-post-thumbnail","hentry","category-catalogo-exclusivas"],"acf":[],"_links":{"self":[{"href":"https:\/\/www.manangelment.com\/es\/wp-json\/wp\/v2\/pages\/1816","targetHints":{"allow":["GET"]}}],"collection":[{"href":"https:\/\/www.manangelment.com\/es\/wp-json\/wp\/v2\/pages"}],"about":[{"href":"https:\/\/www.manangelment.com\/es\/wp-json\/wp\/v2\/types\/page"}],"author":[{"embeddable":true,"href":"https:\/\/www.manangelment.com\/es\/wp-json\/wp\/v2\/users\/1"}],"replies":[{"embeddable":true,"href":"https:\/\/www.manangelment.com\/es\/wp-json\/wp\/v2\/comments?post=1816"}],"version-history":[{"count":2,"href":"https:\/\/www.manangelment.com\/es\/wp-json\/wp\/v2\/pages\/1816\/revisions"}],"predecessor-version":[{"id":1818,"href":"https:\/\/www.manangelment.com\/es\/wp-json\/wp\/v2\/pages\/1816\/revisions\/1818"}],"wp:featuredmedia":[{"embeddable":true,"href":"https:\/\/www.manangelment.com\/es\/wp-json\/wp\/v2\/media\/1757"}],"wp:attachment":[{"href":"https:\/\/www.manangelment.com\/es\/wp-json\/wp\/v2\/media?parent=1816"}],"wp:term":[{"taxonomy":"category","embeddable":true,"href":"https:\/\/www.manangelment.com\/es\/wp-json\/wp\/v2\/categories?post=1816"},{"taxonomy":"post_tag","embeddable":true,"href":"https:\/\/www.manangelment.com\/es\/wp-json\/wp\/v2\/tags?post=1816"}],"curies":[{"name":"wp","href":"https:\/\/api.w.org\/{rel}","templated":true}]}}