{"id":1708,"date":"2025-11-14T13:34:22","date_gmt":"2025-11-14T11:34:22","guid":{"rendered":"https:\/\/www.manangelment.com\/politica-de-cookies\/"},"modified":"2025-11-14T13:36:44","modified_gmt":"2025-11-14T11:36:44","slug":"politica-de-cookies","status":"publish","type":"page","link":"https:\/\/www.manangelment.com\/es\/politica-de-cookies\/","title":{"rendered":"Pol\u00edtica de cookies"},"content":{"rendered":"<p>[et_pb_section][et_pb_row][et_pb_column type=\u00bb4_4&#8243;][et_pb_text]<!-- divi:html --><\/p>\n<h3>Pol\u00edtica de cookies<\/h3>\n<h3>INFORMACI\u00d3N SOBRE COOKIES<\/h3>\n<p>Conforme con la Ley 34\/2002, de 11 de julio, de servicios de la sociedad de la informaci\u00f3n y de comercio electr\u00f3nico (LSSI), en relaci\u00f3n con el Reglamento (UE) 2016\/679 del Parlamento Europeo y del Consejo, de 27 de abril de 2016, General de Protecci\u00f3n de Datos (GDPR) y la Ley Org\u00e1nica 3\/2018, de 5 de diciembre, de Protecci\u00f3n de Datos y Garant\u00eda de los Derechos Digitales (LOPDGDD), es obligado obtener el consentimiento expreso del usuario de todas las p\u00e1ginas web que usan cookies prescindibles, antes de que este navegue por ellas.<\/p>\n<h3>\u00bfQU\u00c9 SON LAS COOKIES?<\/h3>\n<p>Las cookies y otras tecnolog\u00edas similares tales como local shared objects, flash cookies o p\u00edxeles, son herramientas empleadas por los servidores Web para almacenar y recuperar informaci\u00f3n acerca de sus visitantes, as\u00ed como para ofrecer un correcto funcionamiento del sitio.<\/p>\n<p>Mediante el uso de estos dispositivos se permite al servidor Web recordar algunos datos concernientes al usuario, como sus preferencias para la visualizaci\u00f3n de las p\u00e1ginas de ese servidor, nombre y contrase\u00f1a, productos que m\u00e1s le interesan, etc.<\/p>\n<h3>COOKIES AFECTADAS POR LA NORMATIVA Y COOKIES EXCEPTUADAS<\/h3>\n<p>Seg\u00fan la directiva de la UE, las cookies que requieren el consentimiento informado por parte del usuario son las cookies de anal\u00edtica y las de publicidad y afiliaci\u00f3n, quedando exceptuadas las de car\u00e1cter t\u00e9cnico y las necesarias para el funcionamiento del sitio web o la prestaci\u00f3n de servicios expresamente solicitados por el usuario.<\/p>\n<h3>TIPOS DE COOKIES<\/h3>\n<h3>SEG\u00daN LA FINALIDAD<\/h3>\n<ul>\n<li><strong>Cookies t\u00e9cnicas y funcionales<\/strong>: son aquellas que permiten al usuario la navegaci\u00f3n a trav\u00e9s de una p\u00e1gina web, plataforma o aplicaci\u00f3n y la utilizaci\u00f3n de las diferentes opciones o servicios que en ella existan.<\/li>\n<li><strong>Cookies anal\u00edticas<\/strong>: son aquellas que permiten al responsable de las mismas el seguimiento y an\u00e1lisis del comportamiento de los usuarios de los sitios web a los que est\u00e1n vinculadas. La informaci\u00f3n recogida mediante este tipo de cookies se utiliza en la medici\u00f3n de la actividad de los sitios web, aplicaci\u00f3n o plataforma y para la elaboraci\u00f3n de perfiles de navegaci\u00f3n de los usuarios de dichos sitios, aplicaciones y plataformas, con el fin de introducir mejoras en funci\u00f3n del an\u00e1lisis de los datos de uso que hacen los usuarios del servicio. <\/li>\n<li><strong>Cookies publicitarias<\/strong>: son aquellas que permiten la gesti\u00f3n, de la forma m\u00e1s eficaz posible, de los espacios publicitarios que, en su caso, el editor haya incluido en una p\u00e1gina web, aplicaci\u00f3n o plataforma desde la que presta el servicio solicitado en base a criterios como el contenido editado o la frecuencia en la que se muestran los anuncios.<\/li>\n<li><strong>Cookies de publicidad comportamental<\/strong>: recogen informaci\u00f3n sobre las preferencias y elecciones personales del usuario (retargeting) para permitir la gesti\u00f3n, de la forma m\u00e1s eficaz posible, de los espacios publicitarios que, en su caso, el editor haya incluido en una p\u00e1gina web, aplicaci\u00f3n o plataforma desde la que presta el servicio solicitado.<\/li>\n<li><strong>Cookies sociales<\/strong>: son establecidas por las plataformas de redes sociales en los servicios para permitirle compartir contenido con sus amigos y redes. Las plataformas de medios sociales tienen la capacidad de rastrear su actividad en l\u00ednea fuera de los Servicios. Esto puede afectar al contenido y los mensajes que ve en otros servicios que visita.  <\/li>\n<li><strong>Cookies de afiliados<\/strong>: permiten hacer un seguimiento de las visitas procedentes de otras webs, con las que el sitio web establece un contrato de afiliaci\u00f3n (empresas de afiliaci\u00f3n).<\/li>\n<li><strong>Cookies de seguridad<\/strong>: almacenan informaci\u00f3n cifrada para evitar que los datos guardados en ellas sean<br \/>vulnerables a ataques maliciosos de terceros.<\/li>\n<\/ul>\n<h3>SEG\u00daN LA PROPIEDAD<\/h3>\n<ul>\n<li><strong>Cookies propias<\/strong>: son aquellas que se env\u00edan al equipo terminal del usuario desde un equipo o dominio<br \/>gestionado por el propio editor y desde el que se presta el servicio solicitado por el usuario.<\/li>\n<li><strong>Cookies de terceros<\/strong>: son aquellas que se env\u00edan al equipo terminal del usuario desde un equipo o dominio que no es gestionado por el editor, sino por otra entidad que trata los datos obtenidos trav\u00e9s de las cookies.<\/li>\n<\/ul>\n<h3>SEG\u00daN EL PLAZO DE CONSERVACI\u00d3N<\/h3>\n<ul>\n<li><strong>Cookies de sesi\u00f3n<\/strong>: son un tipo de cookies dise\u00f1adas para recabar y almacenar datos mientras el usuario accede a una p\u00e1gina web.<\/li>\n<li><strong>Cookies persistentes<\/strong>: son un tipo de cookies en el que los datos siguen almacenados en el terminal y pueden ser accedidos y tratados durante un per\u00edodo definido por el responsable de la cookie, y que puede ir de unos minutos a varios a\u00f1os.<\/li>\n<\/ul>\n<h3>TRATAMIENTO DE DATOS PERSONALES<\/h3>\n<p>Associaci\u00f3 Manangelment Musical es el <strong>Responsable del tratamiento<\/strong> de los datos personales del <strong>Interesado<\/strong> y le informa de que estos datos ser\u00e1n tratados de conformidad con lo dispuesto en el Reglamento (UE) 2016\/679, de 27 de abril de 2016 (GDPR), por lo que se le facilita la siguiente informaci\u00f3n del tratamiento:<\/p>\n<p><strong>Fines del tratamiento<\/strong>: seg\u00fan se especifica en el apartado de cookies que se utilizan en este sitio web.<\/p>\n<p><strong>Legitimaci\u00f3n del tratamiento<\/strong>: salvo en los casos en los que resulte necesario para la navegaci\u00f3n por la web, por consentimiento del interesado (art. 6.1.a GDPR).<\/p>\n<p><strong>Criterios de conservaci\u00f3n de los datos<\/strong>: seg\u00fan se especifica en el apartado de cookies utilizadas en la web.<\/p>\n<p><strong>Comunicaci\u00f3n de los datos<\/strong>: no se comunicar\u00e1n los datos a terceros, excepto en cookies propiedad de terceros o por obligaci\u00f3n legal.<\/p>\n<p><strong>Derechos que asisten al Interesado<\/strong>:<\/p>\n<p>\u2013 Derecho a retirar el consentimiento en cualquier momento.<br \/>\u2013 Derecho de acceso, rectificaci\u00f3n, portabilidad y supresi\u00f3n de sus datos, y de limitaci\u00f3n u oposici\u00f3n a su tratamiento.<br \/>\u2013 Derecho a presentar una reclamaci\u00f3n ante la Autoridad de control (www.aepd.es) si considera que el tratamiento no se ajusta a la normativa vigente.<\/p>\n<p>Datos de contacto para ejercer sus derechos:<\/p>\n<p>Associaci\u00f3 Manangelment Musical. C\/ Costa De Can Muntaner, 5 1 Prpl C \u2013 07003 Palma (Illes Balears). E-mail: carme@manangelment.com  <\/p>\n<h3>COOKIES UTILIZADAS EN ESTE SITIO WEB<\/h3>\n<h3>COOKIES CONTROLADAS POR EL EDITOR<\/h3>\n<h4>T\u00e9cnicas y funcionales<\/h4>\n<table>\n<thead>\n<tr>\n<th>Cookie<\/th>\n<th>Dominio<\/th>\n<th>Descripci\u00f3n<\/th>\n<th>Expiraci\u00f3n<\/th>\n<th>Tipo<\/th>\n<\/tr>\n<\/thead>\n<tbody>\n<tr>\n<td>PHPSESSID<\/td>\n<td>www.manangelment.com<\/td>\n<td>Esta cookie es propia de las aplicaciones PHP. Se utiliza para almacenar e identificar el ID de sesi\u00f3n \u00fanico de un usuario con el fin de gestionar la sesi\u00f3n del usuario en el sitio web. Se trata de una cookie de sesi\u00f3n que se elimina cuando se cierran todas las ventanas del navegador.  <\/td>\n<td>Sesi\u00f3n<\/td>\n<td>Necesaria<\/td>\n<\/tr>\n<tr>\n<td>wp-wpml_current_language<\/td>\n<td>www.manangelment.com<\/td>\n<td>Almacena el idioma actual. De forma predeterminada, esta cookie solo se establece para los usuarios que han iniciado sesi\u00f3n. Si habilita la cookie de idioma para admitir el filtrado AJAX, esta cookie tambi\u00e9n se establecer\u00e1 para los usuarios que no hayan iniciado sesi\u00f3n.  <\/td>\n<td>Sesi\u00f3n<\/td>\n<td>Necesaria<\/td>\n<\/tr>\n<\/tbody>\n<\/table>\n<h3>COOKIES DE TERCEROS<\/h3>\n<p>Los servicios de terceros son ajenos al control del editor. Los proveedores pueden modificar en todo momento sus condiciones de servicio, finalidad y utilizaci\u00f3n de las cookies, etc. <\/p>\n<table>\n<thead>\n<tr>\n<th>Cookie<\/th>\n<th>Dominio<\/th>\n<th>Descripci\u00f3n<\/th>\n<th>Expiraci\u00f3n<\/th>\n<th>Tipo<\/th>\n<\/tr>\n<\/thead>\n<tbody>\n<tr>\n<td>VISITOR_PRIVACY_METADATA<\/td>\n<td>.youtube.com<\/td>\n<td>Esta cookie se utiliza para almacenar el consentimiento del usuario y sus opciones de privacidad para su interacci\u00f3n con el sitio. Registra datos sobre el consentimiento del visitante con respecto a diversas pol\u00edticas y configuraciones de privacidad, lo que garantiza que sus preferencias se respeten en futuras sesiones. <\/td>\n<td>5 meses 4 semanas<\/td>\n<td>Necesaria<\/td>\n<\/tr>\n<tr>\n<td>YSC<\/td>\n<td>.youtube.com<\/td>\n<td>Esta cookie es establecida por YouTube para realizar un seguimiento de las visualizaciones de los v\u00eddeos incrustados.<\/td>\n<td>Sesi\u00f3n<\/td>\n<td>Targeting<\/td>\n<\/tr>\n<tr>\n<td>VISITOR_INFO1_LIVE<\/td>\n<td>.youtube.com<\/td>\n<td>Esta cookie es establecida por Youtube para realizar un seguimiento de las preferencias del usuario en cuanto a los v\u00eddeos de Youtube incrustados en los sitios web; tambi\u00e9n puede determinar si el visitante del sitio web est\u00e1 utilizando la versi\u00f3n nueva o antigua de la interfaz de Youtube.<\/td>\n<td>5 meses 4 semanas<\/td>\n<td>Targeting<\/td>\n<\/tr>\n<tr>\n<td>__Secure-ROLLOUT_TOKEN<\/td>\n<td>.youtube.com<\/td>\n<td>Utilizado por YouTube para gestionar el lanzamiento de funciones y la experimentaci\u00f3n. Ayuda a Google a controlar qu\u00e9 nuevas funciones o cambios en la interfaz se muestran a los usuarios como parte de las pruebas y los lanzamientos por etapas, lo que garantiza una experiencia coherente para un usuario determinado durante un experimento. <\/td>\n<td>5 meses 4 semanas<\/td>\n<td>Targeting<\/td>\n<\/tr>\n<\/tbody>\n<\/table>\n<h3>C\u00d3MO GESTIONAR LAS COOKIES DESDE EL NAVEGADOR<\/h3>\n<p><strong>Eliminar las cookies del dispositivo:<\/strong><\/p>\n<p>Las cookies que ya est\u00e1n en un dispositivo se pueden eliminar borrando el historial del navegador, con lo que se suprimen las cookies de todos los sitios web visitados.<br \/>Sin embargo, tambi\u00e9n se puede perder parte de la informaci\u00f3n guardada (por ejemplo, los datos de inicio de sesi\u00f3n o las preferencias de sitio web).<\/p>\n<p><strong>Gestionar las cookies espec\u00edficas del sitio:<\/strong><\/p>\n<p>Para tener un control m\u00e1s preciso de las cookies espec\u00edficas de cada sitio, los usuarios pueden<br \/>ajustar su configuraci\u00f3n de privacidad y cookies en el navegador.<\/p>\n<p><strong>Bloquear las cookies<\/strong>:<\/p>\n<p>Aunque la mayor\u00eda de los navegadores modernos se pueden configurar para evitar que se instalen cookies en los dispositivos, eso puede obligar al ajuste manual de determinadas preferencias cada vez que se visite un sitio o p\u00e1gina. Adem\u00e1s, algunos servicios y caracter\u00edsticas pueden no funcionar correctamente (por ejemplo, los inicios de sesi\u00f3n con perfil). <\/p>\n<h3>C\u00d3MO ELIMINAR LAS COOKIES DE LOS NAVEGADORES M\u00c1S COMUNES<\/h3>\n<p><strong>Chrome<\/strong>: http:\/\/support.google.com\/chrome\/answer\/95647?hl=es<br \/><strong>Edge<\/strong>: https:\/\/support.microsoft.com\/es-es\/microsoft-edge\/eliminar-las-cookies-en-microsoft-edge-63947406-40ac-c3b8-57b9-2a946a29ae09<br \/><strong>Explorer<\/strong>: https:\/\/support.microsoft.com\/es-es\/help\/278835\/how-to-delete-cookie-files-in-internet-explorer<br \/><strong>Firefox<\/strong>: https:\/\/www.mozilla.org\/es-ES\/privacy\/websites\/#cookies<br \/><strong>Safari:<\/strong> https:\/\/support.apple.com\/es-es\/guide\/safari\/sfri11471\/mac<br \/><strong>Opera<\/strong>: https:\/\/help.opera.com\/en\/latest\/security-and-privacy\/#clearBrowsingData<\/p>\n<p><!-- \/divi:html -->[\/et_pb_text][\/et_pb_column][\/et_pb_row][\/et_pb_section]<\/p>\n","protected":false},"excerpt":{"rendered":"<p><div class=\"et_pb_section et_pb_section_0 et_section_regular\" >\n\t\t\t\t\n\t\t\t\t\n\t\t\t\t\n\t\t\t\t\n\t\t\t\t\n\t\t\t\t\n\t\t\t\t\n\t\t\t\t\n\t\t\t\t\n\t\t\t<\/div><div class=\"et_pb_row et_pb_row_0 et_pb_row_empty\">\n\t\t\t\t\n\t\t\t\t\n\t\t\t\t\n\t\t\t\t\n\t\t\t\t\n\t\t\t<\/div><div class=\"et_pb_module et_pb_text et_pb_text_0  et_pb_text_align_left et_pb_bg_layout_light\">\n\t\t\t\t\n\t\t\t\t\n\t\t\t\t\n\t\t\t\t\n\t\t\t\t\n\t\t\t<\/div> Pol\u00edtica de cookiesINFORMACI\u00d3N SOBRE COOKIESConforme con la Ley 34\/2002, de 11 de julio, de servicios de la sociedad de la informaci\u00f3n y de comercio electr\u00f3nico (LSSI), en relaci\u00f3n con el Reglamento (UE) 2016\/679 del Parlamento Europeo y del Consejo, de 27 de abril de 2016, General de Protecci\u00f3n de Datos (GDPR) y la Ley [&hellip;]<\/p>\n","protected":false},"author":1,"featured_media":0,"parent":0,"menu_order":0,"comment_status":"closed","ping_status":"closed","template":"","meta":{"_acf_changed":false,"_et_pb_use_builder":"on","_et_pb_old_content":"","_et_gb_content_width":"","footnotes":""},"categories":[],"tags":[],"class_list":["post-1708","page","type-page","status-publish","hentry"],"acf":[],"_links":{"self":[{"href":"https:\/\/www.manangelment.com\/es\/wp-json\/wp\/v2\/pages\/1708","targetHints":{"allow":["GET"]}}],"collection":[{"href":"https:\/\/www.manangelment.com\/es\/wp-json\/wp\/v2\/pages"}],"about":[{"href":"https:\/\/www.manangelment.com\/es\/wp-json\/wp\/v2\/types\/page"}],"author":[{"embeddable":true,"href":"https:\/\/www.manangelment.com\/es\/wp-json\/wp\/v2\/users\/1"}],"replies":[{"embeddable":true,"href":"https:\/\/www.manangelment.com\/es\/wp-json\/wp\/v2\/comments?post=1708"}],"version-history":[{"count":2,"href":"https:\/\/www.manangelment.com\/es\/wp-json\/wp\/v2\/pages\/1708\/revisions"}],"predecessor-version":[{"id":1710,"href":"https:\/\/www.manangelment.com\/es\/wp-json\/wp\/v2\/pages\/1708\/revisions\/1710"}],"wp:attachment":[{"href":"https:\/\/www.manangelment.com\/es\/wp-json\/wp\/v2\/media?parent=1708"}],"wp:term":[{"taxonomy":"category","embeddable":true,"href":"https:\/\/www.manangelment.com\/es\/wp-json\/wp\/v2\/categories?post=1708"},{"taxonomy":"post_tag","embeddable":true,"href":"https:\/\/www.manangelment.com\/es\/wp-json\/wp\/v2\/tags?post=1708"}],"curies":[{"name":"wp","href":"https:\/\/api.w.org\/{rel}","templated":true}]}}