{"id":1689,"date":"2025-11-14T12:52:50","date_gmt":"2025-11-14T10:52:50","guid":{"rendered":"https:\/\/www.manangelment.com\/aviso-legal\/"},"modified":"2025-11-14T12:54:38","modified_gmt":"2025-11-14T10:54:38","slug":"aviso-legal","status":"publish","type":"page","link":"https:\/\/www.manangelment.com\/es\/aviso-legal\/","title":{"rendered":"Aviso legal"},"content":{"rendered":"<p>[et_pb_section][et_pb_row][et_pb_column type=\u00bb4_4&#8243;][et_pb_text]<!-- divi:html --><\/p>\n<p>Associaci\u00f3 Manangelment Musical, responsable del sitio web, en adelante <b>responsable<\/b>, pone a disposici\u00f3n de los usuarios el presente documento, con el que pretende dar cumplimiento a las obligaciones dispuestas en la Ley 34\/2002, de 11 de julio, de Servicios de la Sociedad de la Informaci\u00f3n y de Comercio Electr\u00f3nico (LSSICE), BOE N o 166, as\u00ed como informar a todos los usuarios del sitio web respecto a cu\u00e1les son las condiciones de uso.<\/p>\n<p>Toda persona que acceda a este sitio web asume el papel de usuario, comprometi\u00e9ndose a la observancia y cumplimiento riguroso de las disposiciones aqu\u00ed dispuestas, as\u00ed como a cualquier otra disposici\u00f3n legal que fuera de aplicaci\u00f3n.<\/p>\n<p>Associaci\u00f3 Manangelment Musical se reserva el derecho de modificar cualquier tipo de informaci\u00f3n que pudiera aparecer en el sitio web, sin que exista obligaci\u00f3n de preavisar o poner en conocimiento de los usuarios dichas obligaciones, entendi\u00e9ndose como suficiente con la publicaci\u00f3n en el sitio web de Associaci\u00f3 Manangelment Musical.<\/p>\n<h3>1. DATOS IDENTIFICATIVOS<\/h3>\n<p>Nombre de dominio: manangelment.com<br \/>Nombre comercial: Manangelment Music<br \/>Denominaci\u00f3n social: Associaci\u00f3 Manangelment Musical<br \/>NIF: G57779050<br \/>Domicilio social: C\/ Costa De Can Muntaner, 5 \u2013 1 Prpl C 07003 Palma (Illes Balears) ESPA\u00d1A<br \/>Tel\u00e9fono: 871714014<br \/>e-mail: carme@manangelment.com<br \/>Inscrita en el Registro (Mercantil \/ P\u00fablico):<\/p>\n<h3>2. OBJETO<\/h3>\n<p>A trav\u00e9s de este sitio web, se le ofrece a los usuarios la posibilidad de acceder a la informaci\u00f3n de los servicios ofrecidos por el responsable.<\/p>\n<h3>3. DERECHOS DE PROPIEDAD INTELECTUAL E INDUSTRIAL<\/h3>\n<p>El sitio web, incluyendo a t\u00edtulo enunciativo, pero no limitativo su programaci\u00f3n, edici\u00f3n, compilaci\u00f3n y dem\u00e1s elementos necesarios para su funcionamiento, los dise\u00f1os, logotipos, texto y\/o gr\u00e1ficos, son propiedad del responsable o, si es el caso, dispone de licencia o autorizaci\u00f3n expresa por parte de los autores o de los que ostenten sus derechos de explotaci\u00f3n. Todos los contenidos del sitio web se encuentran debidamente protegidos por la normativa de propiedad intelectual e industrial, as\u00ed como inscritos en los registros p\u00fablicos correspondientes. <\/p>\n<p>Independientemente de la finalidad para la que fueran destinados, la reproducci\u00f3n total o parcial, uso, explotaci\u00f3n, distribuci\u00f3n y comercializaci\u00f3n, requiere en todo caso de la autorizaci\u00f3n escrita previa por parte del responsable.<\/p>\n<p>Cualquier uso no autorizado previamente se considera un incumplimiento grave de los derechos de propiedad intelectual o industrial del autor.<\/p>\n<p>Los dise\u00f1os, logotipos, texto y\/o gr\u00e1ficos ajenos al <b>responsable<\/b> y que pudieran aparecer en el sitio web, pertenecen a sus respectivos propietarios, siendo ellos mismos responsables de cualquier posible controversia que pudiera suscitarse respecto a los mismos. El responsable autoriza expresamente a que terceros puedan redirigir directamente a los contenidos concretos del sitio web, y en todo caso redirigir al sitio web principal de manangelment.com. <\/p>\n<p>El <b>responsable<\/b> reconoce a favor de sus titulares los correspondientes derechos de propiedad intelectual e industrial, no implicando su sola menci\u00f3n o aparici\u00f3n en el sitio web la existencia de derechos o responsabilidad alguna sobre los mismos, como tampoco respaldo, patrocinio o recomendaci\u00f3n por parte del mismo.<\/p>\n<p>Para realizar cualquier tipo de observaci\u00f3n respecto a posibles incumplimientos de los derechos de propiedad intelectual o industrial, as\u00ed como sobre cualquiera de los contenidos del sitio web, puede hacerlo a trav\u00e9s del correo electr\u00f3nico carme@manangelment.com.<\/p>\n<h3>4. OBLIGACIONES Y RESPONSABILIDADES DEL USUARIO<\/h3>\n<p>Por el uso del sitio web, el <b>usuario<\/b> manifiesta que es mayor de dieciocho a\u00f1os. Para hacer uso del sitio web los menores de edad deben obtener previamente permiso de sus padres, tutores o representantes legales, quienes ser\u00e1n considerados responsables de todos los actos realizados por los menores a su cargo. <\/p>\n<p>El <b>usuario<\/b> se obliga, con car\u00e1cter general, a utilizar el sitio web y los servicios vinculados al mismo, de forma diligente, de conformidad con la ley, la moral, el orden p\u00fablico y lo dispuesto en estas condiciones generales y en las particulares que sean de aplicaci\u00f3n, debiendo, asimismo, abstenerse de utilizarlos en cualquier forma que pueda impedir el normal funcionamiento y disfrute por parte de los usuarios del Sitio Web y de los servicios vinculados al mismo, o que pudiera lesionar o causar da\u00f1os a los bienes y derechos de los titulares del sitio web, de sus proveedores, usuarios o, en general, de cualquier tercero. <\/p>\n<p>El <b>usuario<\/b>, en la utilizaci\u00f3n del sitio web y de los servicios vinculados al mismo, se obliga a:<\/p>\n<p>1. No introducir, almacenar o difundir mediante el sitio web o a trav\u00e9s de cualquiera de los servicios vinculados al mismo, ning\u00fan programa de ordenador, dato, virus, c\u00f3digo, o cualquier otro instrumento o dispositivo electr\u00f3nico que sea susceptible de causar da\u00f1os en el sitio web, en cualquiera de los servicios vinculados al mismo o en cualesquiera equipos, sistemas o redes de los titulares del sitio web, de cualquier usuario, de sus proveedores o en general de cualquier tercero, o que de otra forma sea capaz de causarles cualquier tipo de alteraci\u00f3n o impedir el normal funcionamiento del mismo.<\/p>\n<p>2. No utilizar identidades falsas, ni suplantar la identidad de otros en la utilizaci\u00f3n del sitio web o de cualquiera de los servicios vinculados al mismo.<\/p>\n<p>3. No destruir, alterar, inutilizar o da\u00f1ar los datos, informaciones, programas o documentos electr\u00f3nicos de los titulares del sitio web, de sus proveedores o de terceros.<\/p>\n<p>4. No introducir, o difundir cualquier informaci\u00f3n que fuera difamatoria, injuriosa, obscena, amenazadora, xen\u00f3foba, incite a la violencia, que incite a la discriminaci\u00f3n por razones de sexo, raza, ideolog\u00eda o religi\u00f3n o que de cualquier forma atente contra la moral, el orden p\u00fablico, los derechos fundamentales, las libertades p\u00fablicas, el honor, la intimidad o la imagen de terceros y, en general, la normativa vigente.<\/p>\n<p>En el caso de que cualquier usuario considere que existen hechos o circunstancias que revelen el car\u00e1cter il\u00edcito de la utilizaci\u00f3n de cualquier contenido y\/o de la realizaci\u00f3n de cualquier actividad en el sitio web o accesibles a trav\u00e9s del mismo, deber\u00e1 enviar una notificaci\u00f3n a los titulares del sitio web dirigiendo un e-mail a dpo@grupox3.es<\/p>\n<p>El <b>responsable<\/b> se exime de cualquier tipo de responsabilidad derivada de la informaci\u00f3n publicada en su sitio web siempre que esta informaci\u00f3n haya sido manipulada o introducida por un tercero ajeno al mismo.<\/p>\n<h3>5. OBLIGACIONES Y RESPONSABILIDADES DEL SITIO WEB<\/h3>\n<p>No se garantiza el acceso continuado, ni la correcta visualizaci\u00f3n, descarga o utilidad de los elementos e informaciones contenidas en la web que puedan verse impedidos, dificultados o interrumpidos por factores o circunstancias que est\u00e1n fuera de su control. No se hace responsable de las decisiones que pudieran adoptarse como consecuencia del acceso a los contenidos o informaciones ofrecidas. <\/p>\n<p>Se podr\u00e1 interrumpir el servicio, o resolver de modo inmediato la relaci\u00f3n con el <b>usuario<\/b>, si se detecta que un uso de su espacio web, o de cualquiera de los servicios ofertados en el mismo, es contrario a las presentes Condiciones Generales de Uso. El responsable no responder\u00e1 ante da\u00f1os, perjuicios, p\u00e9rdidas, reclamaciones o gastos derivados del uso del espacio web. <\/p>\n<p>\u00danicamente ser\u00e1 responsable de eliminar, lo antes posible, los contenidos que puedan generar tales perjuicios, siempre que as\u00ed se notifique. En especial no seremos responsables de los perjuicios que se pudieran derivar, entre otros, de: <\/p>\n<p>1. Interferencias, interrupciones, fallos, omisiones, aver\u00edas telef\u00f3nicas, retrasos, bloqueos o desconexiones en el funcionamiento del sistema electr\u00f3nico, motivadas por deficiencias, sobrecargas y errores en las l\u00edneas y redes de telecomunicaciones, o por cualquier otra causa ajena al control de la empresa.<\/p>\n<p>2. Intromisiones ileg\u00edtimas mediante el uso de programas malignos de cualquier tipo y a trav\u00e9s de cualquier medio de comunicaci\u00f3n, tales como virus inform\u00e1ticos o cualesquiera otros.<\/p>\n<p>3. Abuso indebido o inadecuado del espacio web.<\/p>\n<p>4. Errores de seguridad o navegaci\u00f3n producidos por un mal funcionamiento del navegador o por el uso de versiones no actualizadas del mismo. El administrador del espacio web se reservan el derecho de retirar, total o parcialmente, cualquier contenido o informaci\u00f3n presente en el espacio web. <\/p>\n<p>La empresa excluye cualquier responsabilidad por los da\u00f1os y perjuicios de toda naturaleza que pudieran deberse a la mala utilizaci\u00f3n de los servicios de libre disposici\u00f3n y uso por parte de los Usuarios de espacio web. Asimismo, queda exonerado de cualquier responsabilidad por el contenido e informaciones que puedan ser recibidas como consecuencia de los formularios de recogida de datos, estando los mismos \u00fanicamente para la prestaci\u00f3n de los servicios de consultas y dudas. Por otro lado, en caso de causar da\u00f1os y perjuicios por un uso il\u00edcito o incorrecto de dichos servicios, podr\u00e1 ser el Usuario reclamado por los da\u00f1os o perjuicios causados.  <\/p>\n<p>Usted mantendr\u00e1 a la empresa indemne frente a cualesquiera da\u00f1os y perjuicios que se deriven de reclamaciones, acciones o demandas de terceros como consecuencia de su acceso o uso del espacio web. Asimismo, usted se obliga a indemnizar frente a cualesquiera da\u00f1os y perjuicios, que se deriven del uso por su parte de \u201crobots\u201d, \u201cspiders\u201d, \u201ccrawlers\u201d o herramientas similares empleadas con el fin de recabar o extraer datos o de cualquier otra actuaci\u00f3n por su parte que imponga una carga irrazonable sobre el funcionamiento del Espacio Web. <\/p>\n<h3>6. Direcciones IP<\/h3>\n<p>Los servidores del sitio web podr\u00e1n detectar de manera autom\u00e1tica la direcci\u00f3n IP y el nombre de dominio utilizados por el usuario. Una direcci\u00f3n IP es un n\u00famero asignado autom\u00e1ticamente a un ordenador cuando \u00e9ste se conecta a Internet. Toda esta informaci\u00f3n es registrada en un fichero de actividad del servidor debidamente inscrito que permite el posterior procesamiento de los datos con el fin de obtener mediciones \u00fanicamente estad\u00edsticas que permitan conocer el n\u00famero de impresiones de p\u00e1ginas, el n\u00famero de visitas realizadas a los servidores web, el orden de visitas, el punto de acceso, etc.  <\/p>\n<h3>7. LEY APLICABLE Y JURISDICCI\u00d3N<\/h3>\n<p>Para la resoluci\u00f3n de todas las controversias o cuestiones relacionadas con el presente sitio web o de las actividades en \u00e9l desarrolladas, ser\u00e1 de aplicaci\u00f3n la legislaci\u00f3n espa\u00f1ola.<\/p>\n<p><!-- \/divi:html -->[\/et_pb_text][\/et_pb_column][\/et_pb_row][\/et_pb_section]<\/p>\n","protected":false},"excerpt":{"rendered":"<p><div class=\"et_pb_section et_pb_section_0 et_section_regular\" >\n\t\t\t\t\n\t\t\t\t\n\t\t\t\t\n\t\t\t\t\n\t\t\t\t\n\t\t\t\t\n\t\t\t\t\n\t\t\t\t\n\t\t\t\t\n\t\t\t<\/div><div class=\"et_pb_row et_pb_row_0 et_pb_row_empty\">\n\t\t\t\t\n\t\t\t\t\n\t\t\t\t\n\t\t\t\t\n\t\t\t\t\n\t\t\t<\/div><div class=\"et_pb_module et_pb_text et_pb_text_0  et_pb_text_align_left et_pb_bg_layout_light\">\n\t\t\t\t\n\t\t\t\t\n\t\t\t\t\n\t\t\t\t\n\t\t\t\t\n\t\t\t<\/div> Associaci\u00f3 Manangelment Musical, responsable del sitio web, en adelante responsable, pone a disposici\u00f3n de los usuarios el presente documento, con el que pretende dar cumplimiento a las obligaciones dispuestas en la Ley 34\/2002, de 11 de julio, de Servicios de la Sociedad de la Informaci\u00f3n y de Comercio Electr\u00f3nico (LSSICE), BOE N o 166, [&hellip;]<\/p>\n","protected":false},"author":1,"featured_media":0,"parent":0,"menu_order":0,"comment_status":"closed","ping_status":"closed","template":"","meta":{"_acf_changed":false,"_et_pb_use_builder":"on","_et_pb_old_content":"","_et_gb_content_width":"","footnotes":""},"categories":[],"tags":[],"class_list":["post-1689","page","type-page","status-publish","hentry"],"acf":[],"_links":{"self":[{"href":"https:\/\/www.manangelment.com\/es\/wp-json\/wp\/v2\/pages\/1689","targetHints":{"allow":["GET"]}}],"collection":[{"href":"https:\/\/www.manangelment.com\/es\/wp-json\/wp\/v2\/pages"}],"about":[{"href":"https:\/\/www.manangelment.com\/es\/wp-json\/wp\/v2\/types\/page"}],"author":[{"embeddable":true,"href":"https:\/\/www.manangelment.com\/es\/wp-json\/wp\/v2\/users\/1"}],"replies":[{"embeddable":true,"href":"https:\/\/www.manangelment.com\/es\/wp-json\/wp\/v2\/comments?post=1689"}],"version-history":[{"count":2,"href":"https:\/\/www.manangelment.com\/es\/wp-json\/wp\/v2\/pages\/1689\/revisions"}],"predecessor-version":[{"id":1691,"href":"https:\/\/www.manangelment.com\/es\/wp-json\/wp\/v2\/pages\/1689\/revisions\/1691"}],"wp:attachment":[{"href":"https:\/\/www.manangelment.com\/es\/wp-json\/wp\/v2\/media?parent=1689"}],"wp:term":[{"taxonomy":"category","embeddable":true,"href":"https:\/\/www.manangelment.com\/es\/wp-json\/wp\/v2\/categories?post=1689"},{"taxonomy":"post_tag","embeddable":true,"href":"https:\/\/www.manangelment.com\/es\/wp-json\/wp\/v2\/tags?post=1689"}],"curies":[{"name":"wp","href":"https:\/\/api.w.org\/{rel}","templated":true}]}}