{"id":1683,"date":"2025-11-14T12:31:37","date_gmt":"2025-11-14T10:31:37","guid":{"rendered":"https:\/\/www.manangelment.com\/politica-de-privacidad\/"},"modified":"2025-11-14T12:36:59","modified_gmt":"2025-11-14T10:36:59","slug":"politica-de-privacidad","status":"publish","type":"page","link":"https:\/\/www.manangelment.com\/es\/politica-de-privacidad\/","title":{"rendered":"Pol\u00edtica de privacidad"},"content":{"rendered":"<p>[et_pb_section fb_built=\u00bb1&#8243; _builder_version=\u00bb4.16&#8243; global_colors_info=\u00bb{}\u00bb][et_pb_row _builder_version=\u00bb4.16&#8243; background_size=\u00bbinitial\u00bb background_position=\u00bbtop_left\u00bb background_repeat=\u00bbrepeat\u00bb global_colors_info=\u00bb{}\u00bb][et_pb_column type=\u00bb4_4&#8243; _builder_version=\u00bb4.16&#8243; custom_padding=\u00bb|||\u00bb global_colors_info=\u00bb{}\u00bb custom_padding__hover=\u00bb|||\u00bb][et_pb_text _builder_version=\u00bb4.16&#8243; background_size=\u00bbinitial\u00bb background_position=\u00bbtop_left\u00bb background_repeat=\u00bbrepeat\u00bb global_colors_info=\u00bb{}\u00bb]<!-- divi:html --><\/p>\n<h3>Pol\u00edtica de privacidad<\/h3>\n<h3>1. INFORMACI\u00d3N AL USUARIO<\/h3>\n<p><strong>\u00bfQui\u00e9n es el responsable del tratamiento de tus datos personales?\u200b<\/strong><\/p>\n<p><strong>Associaci\u00f3 Manangelment Musical<\/strong> es el <b>responsable<\/b> del tratamiento de los datos personales del <b>usuario<\/b> y te informa de que estos datos ser\u00e1n tratados de conformidad con lo dispuesto en el Reglamento (UE) 2016\/679, de 27 de abril (GDPR), y la Ley Org\u00e1nica 3\/2018, de 5 de diciembre (LOPDGDD).<\/p>\n<p><strong>\u00bfQu\u00e9 tipolog\u00eda de datos te solicitamos y tratamos?<\/strong><\/p>\n<p>Seg\u00fan el fomulario o modo de obtener tus datos, siempre le pedimos los m\u00ednimos necesarios para cumplir con los fines detallados en cada caso.<\/p>\n<p><strong>\u00bfPara qu\u00e9 tratamos tus datos personales y por qu\u00e9 lo hacemos?<\/strong><\/p>\n<p>Seg\u00fan el formulario donde hayamos obtenido tus datos personales, los trataremos de manera confidencial para alcanzar los fines:<\/p>\n<ul>\n<li>En el formulario <b>Contacto<\/b>\n<ul>\n<li>Dar respuesta a las consultas o cualquier tipo de petici\u00f3n que sea realizada por el usuario a trav\u00e9s de cualquiera de las formas de contacto que se ponen a su disposici\u00f3n en la p\u00e1gina web del responsable. (por el inter\u00e9s leg\u00edtimo del responsable, art. 6.1.f GDPR) <\/li>\n<li>Enviar comunicaciones comerciales publicitarias por e-mail, fax, SMS, MMS, redes sociales o cualquier otro medio electr\u00f3nico o f\u00edsico, presente o futuro, que posibilite realizar comunicaciones comerciales. Estas comunicaciones ser\u00e1n realizadas por el responsable y estar\u00e1n relacionadas con sus productos y servicios, o de sus colaboradores o proveedores, con los que este haya alcanzado alg\u00fan acuerdo de promoci\u00f3n. En este caso, los terceros nunca tendr\u00e1n acceso a los datos personales. (por el consentimiento del interesado, 6.1.a GDPR)   <\/li>\n<li>Realizar an\u00e1lisis estad\u00edsticos y estudios de mercado. (por el inter\u00e9s leg\u00edtimo del responsable, art. 6.1.f GDPR) <\/li>\n<\/ul>\n<\/li>\n<li>En el formulario <b>Newsletter<\/b>\n<ul>\n<li>Remitir boletines informativos, novedades, ofertas y promociones online. (por el consentimiento del interesado, 6.1.a GDPR) <\/li>\n<\/ul>\n<\/li>\n<li>En el formulario <b>Solicita presupuesto<\/b>\n<ul>\n<li>Enviar presupuestos comerciales sobre productos y servicios. (para la ejecuci\u00f3n de un contrato o precontrato, 6.1.b GDPR) <\/li>\n<li>Enviar comunicaciones comerciales publicitarias por e-mail, fax, SMS, MMS, redes sociales o cualquier otro medio electr\u00f3nico o f\u00edsico, presente o futuro, que posibilite realizar comunicaciones comerciales. Estas comunicaciones ser\u00e1n realizadas por el responsable y estar\u00e1n relacionadas con sus productos y servicios, o de sus colaboradores o proveedores, con los que este haya alcanzado alg\u00fan acuerdo de promoci\u00f3n. En este caso, los terceros nunca tendr\u00e1n acceso a los datos personales. (por el consentimiento del interesado, 6.1.a GDPR)   <\/li>\n<\/ul>\n<\/li>\n<li>En el formulario <b>Foro online<\/b>\n<ul>\n<li>Participar en los foros online propuestos por el responsable. (por el consentimiento del interesado, 6.1.a GDPR) <\/li>\n<\/ul>\n<\/li>\n<li>En el formulario <b>Curr\u00edculum<\/b>\n<ul>\n<li>Hacer part\u00edcipe al interesado en los procesos de selecci\u00f3n de personal y analizar el perfil del solicitante con el objetivo de seleccionar un candidato para el puesto vacante del responsable. (por el consentimiento del interesado, 6.1.a GDPR) <\/li>\n<\/ul>\n<\/li>\n<li>En el formulario <b>Testimonio<\/b>\n<ul>\n<li>Moderar y publicar en la p\u00e1gina web las experiencias, opiniones y sugerencias del usuario sobre un producto o servicio. (por el consentimiento del interesado, 6.1.a GDPR) <\/li>\n<\/ul>\n<\/li>\n<li>En el formulario <b>Comentarios<\/b>\n<ul>\n<li>Moderar y publicar en la p\u00e1gina web las opiniones sobre una publicaci\u00f3n. (por el consentimiento del interesado, 6.1.a GDPR) <\/li>\n<\/ul>\n<\/li>\n<li>En el formulario <b>Canal \u00e9tico o de denuncias<\/b>\n<ul>\n<li>Gestionar adecuadamente el canal \u00e9tico, tramitando las correspondientes irregularidades notificadas a trav\u00e9s del mismo, y decidiendo sobre la procedencia de iniciar una investigaci\u00f3n, al objeto de detectar posibles delitos y prevenir la imposici\u00f3n de cualquier tipo de responsabilidad, as\u00ed como para evitar cualquier tipo de conducta contraria a la normativa interna o externa de la entidad. (para el cumplimiento de una obligaci\u00f3n legal, 6.1.c GDPR) <\/li>\n<\/ul>\n<\/li>\n<li>En el formulario <b>Registro de usuario<\/b>\n<ul>\n<li>Gestionar la cuenta del usuario para proporcionarle un acceso personalizado a la p\u00e1gina web y a los servicios interactivos que ofrece. (por el consentimiento del interesado, 6.1.a GDPR) <\/li>\n<\/ul>\n<\/li>\n<li>En el formulario <b>Citas<\/b>\n<ul>\n<li>Agendar citas y reuniones con el responsable. (por el inter\u00e9s leg\u00edtimo del responsable, art. 6.1.f GDPR) <\/li>\n<\/ul>\n<\/li>\n<\/ul>\n<ul>\n<li>En el formulario <b>Redes Sociales<\/b>\n<ul>\n<li>Contacto a trav\u00e9s de las Redes Sociales con el fin de mantener una relaci\u00f3n entre el Usuario y el Responsable que puede incluir las siguientes operaciones: \u2013 Tramitar sus solicitudes y consultas. \u2013 Informar sobre actividades y eventos. \u2013 Informar sobre productos y\/o servicios. \u2013 Interactuar a trav\u00e9s de los perfiles oficiales. El usuario dispone de un perfil en la misma red social y ha decidido unirse a la red social del Responsable, mostrando as\u00ed su inter\u00e9s en la informaci\u00f3n que se publique en la misma, por tanto en el momento de solicitar seguir nuestra p\u00e1gina oficial, nos facilita su consentimiento para el tratamiento de sus datos. El Usuario puede acceder en todo momento a las pol\u00edticas de privacidad de la propia red social, as\u00ed como configurar su perfil para garantizar su privacidad. El Usuario una vez sea seguidor o se haya unido a la red social del Responsable, podr\u00e1 publicar en la misma comentarios, enlaces, im\u00e1genes, fotograf\u00edas o cualquier otro tipo de contenido soportado por la misma. El Usuario, en todos los casos, debe ser el titular del contenido publicado, gozar de los derechos de autor y de propiedad intelectual o contar con el consentimiento de los terceros afectados. \u2013 Env\u00edo de comunicaciones comerciales relativas a las actividades de las empresas del Grupo, as\u00ed como empresas externas al mismo, con lo que se hayan establecidos acuerdos comerciales de colaboraci\u00f3n o intermediaci\u00f3n. (por el consentimiento del interesado, 6.1.a GDPR)         <\/li>\n<\/ul>\n<\/li>\n<li>En el formulario <b>Mensajer\u00eda Instant\u00e1nea<\/b>\n<ul>\n<li>Agendar citas y reuniones con el responsable. (por el inter\u00e9s leg\u00edtimo del responsable, art. 6.1.f GDPR) <\/li>\n<li>Enviar comunicaciones comerciales publicitarias por e-mail, fax, SMS, MMS, redes sociales o cualquier otro medio electr\u00f3nico o f\u00edsico, presente o futuro a clientes, que posibilite realizar comunicaciones comerciales referentes a productos o servicios que sean similares a los que inicialmente fueron objeto de contrataci\u00f3n con el cliente (art. 21.2 LSSI). (por el inter\u00e9s leg\u00edtimo del responsable, art. 6.1.f GDPR) <\/li>\n<li>Gestionar, mantener, mejorar o desarrollar los servicios prestados. (para la ejecuci\u00f3n de un contrato o precontrato, 6.1.b GDPR) <\/li>\n<li>Gestionar su compra o pedido online, procesar el pago y proceder al env\u00edo o activaci\u00f3n del mismo, en base a las condiciones generales de contrataci\u00f3n. (para la ejecuci\u00f3n de un contrato o precontrato, 6.1.b GDPR) <\/li>\n<li>Enviar presupuestos comerciales sobre productos y servicios. (para la ejecuci\u00f3n de un contrato o precontrato, 6.1.b GDPR) <\/li>\n<li>Enviar comunicaciones comerciales publicitarias por e-mail, fax, SMS, MMS, redes sociales o cualquier otro medio electr\u00f3nico o f\u00edsico, presente o futuro, que posibilite realizar comunicaciones comerciales. Estas comunicaciones ser\u00e1n realizadas por el responsable y estar\u00e1n relacionadas con sus productos y servicios, o de sus colaboradores o proveedores, con los que este haya alcanzado alg\u00fan acuerdo de promoci\u00f3n. En este caso, los terceros nunca tendr\u00e1n acceso a los datos personales. (por el consentimiento del interesado, 6.1.a GDPR)   <\/li>\n<li>Dar respuesta a las consultas o cualquier tipo de petici\u00f3n que sea realizada por el usuario a trav\u00e9s de cualquiera de las formas de contacto que se ponen a su disposici\u00f3n en la p\u00e1gina web del responsable. (por el inter\u00e9s leg\u00edtimo del responsable, art. 6.1.f GDPR) <\/li>\n<\/ul>\n<\/li>\n<li>En el formulario <b>Videovigilancia<\/b>\n<ul>\n<li>Finalidad Seguridad y control de accesos, control laboral y de la actividad interna Legitimaci\u00f3n Inter\u00e9s p\u00fablico por la seguridad y control de accesos e Inter\u00e9s leg\u00edtimo del Responsable basado en el Art. 20.3 del Estatuto de los Trabajadores Conservaci\u00f3n Un m\u00e1ximo de 30 d\u00edas. (por el consentimiento del interesado, 6.1.a GDPR) <\/li>\n<\/ul>\n<\/li>\n<li>En el formulario <strong>Im\u00e1genes y grabaciones<\/strong>\n<ul>\n<li>Fichero con im\u00e1genes est\u00e1ticas y\/o din\u00e1micas. Incluye la publicaci\u00f3n en los medios del responsable de tratamiento o de terceros. (por el consentimiento del interesado, 6.1.a GDPR)  <\/li>\n<\/ul>\n<\/li>\n<li>En el formulario <strong>Clientes y proveedores<\/strong>\n<ul>\n<li>Gesti\u00f3n comercial con clientes y proveedores (por el inter\u00e9s leg\u00edtimo del responsable, art. 6.1.f GDPR)<\/li>\n<\/ul>\n<\/li>\n<li>En el formulario <strong>Exclusi\u00f3n publicitaria<\/strong>\n<ul>\n<li>Gesti\u00f3n de datos para evitar el env\u00edo de comunicaciones comerciales a quienes hubiesen manifestado su negativa u oposici\u00f3n a recibirlas. (para el cumplimiento de una obligaci\u00f3n legal, 6.1.c GDPR) <\/li>\n<\/ul>\n<\/li>\n<li>En el formulario <strong>Publicidad comercial<\/strong>\n<ul>\n<li>Gesti\u00f3n publicitaria y prospecci\u00f3n comercial. Incluye datos de fuentes leg\u00edtimas de acceso p\u00fablico. (por el inter\u00e9s leg\u00edtimo del responsable, art. 6.1.f GDPR)  <\/li>\n<\/ul>\n<\/li>\n<li>En el formulario <strong>Derecho de los interesados<\/strong>\n<ul>\n<li>Atender las solicitudes de los ciudadanos en el ejercicio de los derechos que establece el GDPR (para el cumplimiento de una obligaci\u00f3n legal, 6.1.c GDPR)<\/li>\n<\/ul>\n<\/li>\n<li>En el formulario <strong>Usuarios Web, app y otras plataformas del responsable<\/strong>\n<ul>\n<li>Datos de identificaci\u00f3n de los usuarios que acceden a la web corporativa. (por el inter\u00e9s leg\u00edtimo del responsable, art. 6.1.f GDPR) <\/li>\n<\/ul>\n<\/li>\n<li>En el formulario <strong>Formaci\u00f3n, cursos, talleres, actividades o similar<\/strong>\n<ul>\n<li>Gesti\u00f3n de las condiciones de acceso y uso. (por el inter\u00e9s leg\u00edtimo del responsable, art. 6.1.f GDPR) <\/li>\n<\/ul>\n<\/li>\n<li>En el formulario <strong>Representantes legales y personas de contacto<\/strong>\n<ul>\n<li>En el caso de que usted sea representante legal o persona de contacto de alguna de las entidades o personas con las que la Fundaci\u00f3n se relaciona, el responsable tratar\u00e1 sus datos para controlar el desarrollo de la relaci\u00f3n pretendida. (por el consentimiento del interesado, 6.1.a GDPR) <\/li>\n<\/ul>\n<\/li>\n<\/ul>\n<p>&nbsp;<\/p>\n<p><strong>\u00bfDurante cu\u00e1nto tiempo guardaremos tus datos personales?<\/strong><\/p>\n<p>Se conservar\u00e1n durante no m\u00e1s tiempo del necesario para mantener el fin del tratamiento o existan prescripciones legales que dictaminen su custodia y cuando ya no sea necesario para ello, se suprimir\u00e1n con medidas de seguridad adecuadas para garantizar la anonimizaci\u00f3n de los datos o la destrucci\u00f3n total de los mismos.<\/p>\n<p><strong>\u00bfA qui\u00e9n facilitamos sus datos personales?<\/strong><\/p>\n<p>No est\u00e1 prevista ninguna comunicaci\u00f3n de datos personales a terceros salvo, si fuese necesario para el desarrollo y ejecuci\u00f3n de las finalidades del tratamiento, a nuestros proveedores de servicios relacionados con comunicaciones, con los cuales el <b>responsable<\/b> tiene suscritos los contratos de confidencialidad y de encargado de tratamiento exigidos por la normativa vigente de privacidad.<\/p>\n<p><strong>Datos de terceros facilitados por el Usuario<\/strong><\/p>\n<p>En caso de que el USUARIO facilite datos personales de terceras personas con cualquier finalidad, garantiza haber informado previamente a los afectados y haber obtenido su consentimiento para la comunicaci\u00f3n de sus datos al Responsable.<\/p>\n<p>El USUARIO garantiza que los afectados son mayores de edad y que la informaci\u00f3n facilitada es exacta y veraz.<\/p>\n<p>El Responsable puede constatar el consentimiento de dichos afectados a trav\u00e9s de un primer correo electr\u00f3nico con contenido no comercial en el que se solicitar\u00e1 la verificaci\u00f3n del consentimiento otorgado en su nombre por el USUARIO.<\/p>\n<p>En caso de que se deriven responsabilidades por un incumplimiento de estas condiciones por parte del USUARIO, deber\u00e1 responder de las consecuencias de dicho incumplimiento.<\/p>\n<p><strong>\u00bfRealizamos transferencias internacionales?<\/strong><\/p>\n<p>De conformidad con lo dispuesto en el art\u00edculo 44 del RGPD, la autorizaci\u00f3n de transferencia internacional de datos a un pa\u00eds que no ha sido declarado como pa\u00eds con un nivel adecuado de protecci\u00f3n solo podr\u00e1 otorgarse si se obtienen garant\u00edas suficientes. As\u00ed, podr\u00e1 otorgarse si el <b>responsable<\/b> del tratamiento aporta un contrato escrito, celebrado entre el exportador y el importador de datos, en el que consten las garant\u00edas necesarias de respeto a la protecci\u00f3n de los interesados y se garantice el ejercicio de sus derechos. <\/p>\n<p>Es posible que el <b>responsable<\/b> cuente con servicios de proveedores que tengan servidores o sedes en otros lugares y, por tanto, se efect\u00faen estas transferencias. Para consultar el listado actualizado de proveedores, consulte con el <b>responsable<\/b> o trav\u00e9s de carme@manangelment.com <\/p>\n<p><strong>\u00bfCu\u00e1les son sus derechos?<\/strong><\/p>\n<p>Los derechos que asisten al <b>usuario<\/b> son:<\/p>\n<ul>\n<li>Derecho a retirar el consentimiento en cualquier momento.<\/li>\n<li>Derecho de acceso, rectificaci\u00f3n, portabilidad, supresi\u00f3n de sus datos, limitaci\u00f3n u oposici\u00f3n a su tratamiento.<\/li>\n<li>Derecho a presentar una reclamaci\u00f3n ante la autoridad de control (www.aepd.es) si considera que el tratamiento no se ajusta a la normativa vigente.<\/li>\n<\/ul>\n<p><b>Datos de contacto para ejercer sus derechos:<\/b><\/p>\n<p>Associaci\u00f3 Manangelment Musical. C\/ Costa de Ca n Muntaner, 5 1 Prpal &#8211; 07003 Palma (Illes Balears). E-mail: carme@manangelment.com  <\/p>\n<h3>2. CAR\u00c1CTER OBLIGATORIO O FACULTATIVO DE LA INFORMACI\u00d3N FACILITADA POR EL USUARIO<\/h3>\n<p>Los <b>usuarios<\/b>, mediante la marcaci\u00f3n de las casillas correspondientes y la entrada de datos en los campos, marcados con un asterisco (*) en el formulario de contacto o presentados en formularios de descarga, aceptan expresamente y de forma libre e inequ\u00edvoca, que sus datos son necesarios para atender su petici\u00f3n, por parte del prestador, siendo voluntaria la inclusi\u00f3n de datos en los campos restantes. El usuario garantiza que los datos personales facilitados al <b>responsable<\/b> son veraces y se hace responsable de comunicar cualquier modificaci\u00f3n de los mismos. <\/p>\n<p>El <b>responsable<\/b> informa de que todos los datos solicitados a trav\u00e9s del sitio web son obligatorios, ya que son necesarios para la prestaci\u00f3n de un servicio \u00f3ptimo al <b>usuario<\/b>. En caso de que no se faciliten todos los datos, no se garantiza que la informaci\u00f3n y servicios facilitados sean completamente ajustados a sus necesidades. <\/p>\n<p>Si por alg\u00fan tipo de medio, nos facilita datos de car\u00e1cter perosnal de otras personas, el responsable advierte que deber\u00e1 hacerlo con su consentimiento y haber informado, con car\u00e1cter previo, de los extremos contenidos en esta Pol\u00edtica de Privacidad. Asimismo, el <b>responsable<\/b> se compromete a facilitar a cualquier tercero cuyos datos nos facilite la informaci\u00f3n que resultase pertinente, de conformidad con lo dispuesto en el art\u00edculo 14 del Reglamento General. <\/p>\n<h3>3. MEDIDAS DE SEGURIDAD<\/h3>\n<p>Que de conformidad con lo dispuesto en las normativas vigentes en protecci\u00f3n de datos personales, el <b>responsable<\/b> est\u00e1 cumpliendo con todas las disposiciones de las normativas GDPR y LOPDGDD para el tratamiento de los datos personales de su responsabilidad, y manifiestamente con los principios descritos en el art\u00edculo 5 del GDPR, por los cuales son tratados de manera l\u00edcita, leal y transparente en relaci\u00f3n con el interesado y adecuados, pertinentes y limitados a lo necesario en relaci\u00f3n con los fines para los que son tratados.<\/p>\n<p>El <b>responsable<\/b> garantiza que ha implementado pol\u00edticas t\u00e9cnicas y organizativas apropiadas para aplicar las medidas de seguridad que establecen el GDPR y la LOPDGDD con el fin de proteger los derechos y libertades de los usuarios y les ha comunicado la informaci\u00f3n adecuada para que puedan ejercerlos.<\/p>\n<p>Para m\u00e1s informaci\u00f3n sobre las garant\u00edas de privacidad, puedes dirigirte al responsable a trav\u00e9s de Associaci\u00f3 Manangelment Musical. C\/ Costa de Can Muntaner, 5 1 Prpal &#8211; 07003 Palma (Illes Balears). E-mail: carme@manangelment.com  <\/p>\n<h3>4. VIGENCIA<\/h3>\n<p>Esta pol\u00edtica de privacidad est\u00e1 vigente desde el 04\/11\/2025<\/p>\n<p>El <b>responsable<\/b> se reserva el derecho de modificar esta pol\u00edtica para adaptarla a futuras actualizaciones legislativas o jurisprudenciales que resulten de aplicaci\u00f3n, o por otros motivos t\u00e9cnicos, operativos, comerciales, corporativos, etc. Si a consecuencia de los cambios, se vieran afectados los derechos de los usuarios, el <b>responsable<\/b> se compromete a informar sobre los motivos. <\/p>\n<p>&nbsp;<\/p>\n<p>&nbsp;<\/p>\n<p>&nbsp;<\/p>\n<p>&nbsp;<\/p>\n<p>&nbsp;<\/p>\n<p>&nbsp;<\/p>\n<p>&nbsp;<\/p>\n<p>&nbsp;<\/p>\n<p><!-- \/divi:html -->[\/et_pb_text][\/et_pb_column][\/et_pb_row][\/et_pb_section]<\/p>\n","protected":false},"excerpt":{"rendered":"<p>Pol\u00edtica de privacidad 1. INFORMACI\u00d3N AL USUARIO \u00bfQui\u00e9n es el responsable del tratamiento de tus datos personales?\u200b Associaci\u00f3 Manangelment Musical es el responsable del tratamiento de los datos personales del usuario y te informa de que estos datos ser\u00e1n tratados de conformidad con lo dispuesto en el Reglamento (UE) 2016\/679, de 27 de abril (GDPR), [&hellip;]<\/p>\n","protected":false},"author":1,"featured_media":0,"parent":0,"menu_order":0,"comment_status":"closed","ping_status":"closed","template":"","meta":{"_acf_changed":false,"_et_pb_use_builder":"on","_et_pb_old_content":"","_et_gb_content_width":"","footnotes":""},"categories":[],"tags":[],"class_list":["post-1683","page","type-page","status-publish","hentry"],"acf":[],"_links":{"self":[{"href":"https:\/\/www.manangelment.com\/es\/wp-json\/wp\/v2\/pages\/1683","targetHints":{"allow":["GET"]}}],"collection":[{"href":"https:\/\/www.manangelment.com\/es\/wp-json\/wp\/v2\/pages"}],"about":[{"href":"https:\/\/www.manangelment.com\/es\/wp-json\/wp\/v2\/types\/page"}],"author":[{"embeddable":true,"href":"https:\/\/www.manangelment.com\/es\/wp-json\/wp\/v2\/users\/1"}],"replies":[{"embeddable":true,"href":"https:\/\/www.manangelment.com\/es\/wp-json\/wp\/v2\/comments?post=1683"}],"version-history":[{"count":2,"href":"https:\/\/www.manangelment.com\/es\/wp-json\/wp\/v2\/pages\/1683\/revisions"}],"predecessor-version":[{"id":1685,"href":"https:\/\/www.manangelment.com\/es\/wp-json\/wp\/v2\/pages\/1683\/revisions\/1685"}],"wp:attachment":[{"href":"https:\/\/www.manangelment.com\/es\/wp-json\/wp\/v2\/media?parent=1683"}],"wp:term":[{"taxonomy":"category","embeddable":true,"href":"https:\/\/www.manangelment.com\/es\/wp-json\/wp\/v2\/categories?post=1683"},{"taxonomy":"post_tag","embeddable":true,"href":"https:\/\/www.manangelment.com\/es\/wp-json\/wp\/v2\/tags?post=1683"}],"curies":[{"name":"wp","href":"https:\/\/api.w.org\/{rel}","templated":true}]}}