{"id":1422,"date":"2025-10-23T11:58:54","date_gmt":"2025-10-23T09:58:54","guid":{"rendered":"https:\/\/www.manangelment.com\/?page_id=1422"},"modified":"2025-11-13T15:34:19","modified_gmt":"2025-11-13T13:34:19","slug":"animos-parrec","status":"publish","type":"page","link":"https:\/\/www.manangelment.com\/es\/catalogo-artistico-catalogo-cacim\/animos-parrec\/","title":{"rendered":"\u00c1NIMOS P\u00c0RREC"},"content":{"rendered":"<p>[et_pb_section fb_built=\u00bb1&#8243; _builder_version=\u00bb4.27.4&#8243; _module_preset=\u00bbdefault\u00bb locked=\u00bboff\u00bb global_colors_info=\u00bb{}\u00bb][et_pb_row _builder_version=\u00bb4.27.4&#8243; _module_preset=\u00bbdefault\u00bb global_colors_info=\u00bb{}\u00bb][et_pb_column type=\u00bb4_4&#8243; _builder_version=\u00bb4.27.4&#8243; _module_preset=\u00bbdefault\u00bb global_colors_info=\u00bb{}\u00bb][et_pb_text _builder_version=\u00bb4.27.4&#8243; _module_preset=\u00bbdefault\u00bb text_font=\u00bb|800|||||||\u00bb text_line_height=\u00bb1em\u00bb header_font=\u00bb|800||on|||||\u00bb header_font_size=\u00bb70px\u00bb width=\u00bb100%\u00bb max_width=\u00bb100%\u00bb min_height=\u00bb100px\u00bb global_colors_info=\u00bb{}\u00bb]<\/p>\n<h1 style=\"text-align: left;\">\u00c1NIMOS PARREC<\/h1>\n<p>[\/et_pb_text][et_pb_image src=\u00bbhttps:\/\/www.manangelment.com\/wp-content\/uploads\/2025\/09\/channels4_profile.jpg\u00bb title_text=\u00bbchannels4_profile\u00bb _builder_version=\u00bb4.27.4&#8243; _module_preset=\u00bbdefault\u00bb global_colors_info=\u00bb{}\u00bb][\/et_pb_image][\/et_pb_column][\/et_pb_row][et_pb_row column_structure=\u00bb1_2,1_2&#8243; _builder_version=\u00bb4.27.4&#8243; _module_preset=\u00bbdefault\u00bb global_colors_info=\u00bb{}\u00bb][et_pb_column type=\u00bb1_2&#8243; _builder_version=\u00bb4.27.4&#8243; _module_preset=\u00bbdefault\u00bb global_colors_info=\u00bb{}\u00bb][et_pb_text _builder_version=\u00bb4.27.4&#8243; _module_preset=\u00bbdefault\u00bb global_colors_info=\u00bb{}\u00bb]<\/p>\n<p>\u00c1NIMOS P\u00c0RREC es un grupo que surge en 2022 en el Pla de Mallorca. Su m\u00fasica cristaliza el sedimento que los miembros de la banda hemos ido interiorizando toda nuestra vida. Con estilos que beben de la tradici\u00f3n americana (country, rock&amp;roll, blues, garage). Las letras hablan del d\u00eda a d\u00eda de la actual Mallorca. Lo hacen desde la iron\u00eda y el humor, que el letrista -Juli\u00e0 Picornell-, defiende como el mejor medio para transmitir cualquier mensaje. Algunos de los temas sobre los que cantamos son el turismo, la decadencia del campo, la p\u00e9rdida de la identidad, pero tambi\u00e9n temas universales como la amistad, la familia, la educaci\u00f3n o la guerra.<\/p>\n<p>Se trata de un costumbrismo que bebe de los cantautores americanos (Dylan, Cash, Cohen, Fogerty, Reed, Young, Prine, etc.). Asimismo, el autor tambi\u00e9n recurre a la tradici\u00f3n (glosas, f\u00e1bulas y cuentos; pero tambi\u00e9n fondos orales directos) para escribir canciones ya menudo podemos encontrar referencias tanto formales como estil\u00edsticas al folclore mallorqu\u00edn, como a las canciones recogidas por Rafel Ginard en el Cancionero Popular de Mallorca, por citar una obra capital.<\/p>\n<p>[\/et_pb_text][\/et_pb_column][et_pb_column type=\u00bb1_2&#8243; _builder_version=\u00bb4.27.4&#8243; _module_preset=\u00bbdefault\u00bb global_colors_info=\u00bb{}\u00bb][et_pb_button button_url=\u00bbhttps:\/\/www.manangelment.com\/wp-content\/uploads\/2025\/10\/DOSSIER_ANIMOSPARREC-CAT.pdf\u00bb url_new_window=\u00bbon\u00bb button_text=\u00bbDosier\u00bb _builder_version=\u00bb4.27.4&#8243; _module_preset=\u00bbdefault\u00bb hover_enabled=\u00bb0&#8243; global_colors_info=\u00bb{}\u00bb sticky_enabled=\u00bb0&#8243;][\/et_pb_button][et_pb_social_media_follow icon_color=\u00bb#FFFFFF\u00bb use_icon_font_size=\u00bbon\u00bb icon_font_size=\u00bb15px\u00bb _builder_version=\u00bb4.27.4&#8243; _module_preset=\u00bbdefault\u00bb filter_saturate=\u00bb0%\u00bb filter_contrast=\u00bb200%\u00bb global_colors_info=\u00bb{}\u00bb][et_pb_social_media_follow_network social_network=\u00bbinstagram\u00bb _builder_version=\u00bb4.27.4&#8243; _module_preset=\u00bbdefault\u00bb background_color=\u00bb#ea2c59&#8243; global_colors_info=\u00bb{}\u00bb follow_button=\u00bboff\u00bb url_new_window=\u00bbon\u00bb]instagram[\/et_pb_social_media_follow_network][\/et_pb_social_media_follow][\/et_pb_column][\/et_pb_row][\/et_pb_section][et_pb_section fb_built=\u00bb1&#8243; _builder_version=\u00bb4.27.4&#8243; _module_preset=\u00bbdefault\u00bb global_colors_info=\u00bb{}\u00bb][et_pb_row _builder_version=\u00bb4.27.4&#8243; _module_preset=\u00bbdefault\u00bb global_colors_info=\u00bb{}\u00bb][et_pb_column type=\u00bb4_4&#8243; _builder_version=\u00bb4.27.4&#8243; _module_preset=\u00bbdefault\u00bb global_colors_info=\u00bb{}\u00bb][\/et_pb_column][\/et_pb_row][\/et_pb_section]<\/p>\n","protected":false},"excerpt":{"rendered":"<p>\u00c1NIMOS P\u00c0RREC es un grupo que surge en 2022 en el Pla de Mallorca. Su m\u00fasica cristaliza el sedimento que los miembros de la banda hemos ido interiorizando toda nuestra vida. Con estilos que beben de la tradici\u00f3n americana (country, rock&#038;roll, blues, garage). Las letras hablan del d\u00eda a d\u00eda de la actual Mallorca. Lo hacen desde la iron\u00eda y el humor, que el letrista -Juli\u00e0 Picornell-, defiende como el mejor medio para transmitir cualquier mensaje. Algunos de los temas sobre los que cantamos son el turismo, la decadencia del campo, la p\u00e9rdida de la identidad, pero tambi\u00e9n temas universales como la amistad, la familia, la educaci\u00f3n o la guerra.<\/p>\n<p>Se trata de un costumbrismo que bebe de los cantautores americanos (Dylan, Cash, Cohen, Fogerty, Reed, Young, Prine, etc.). Asimismo, el autor tambi\u00e9n recurre a la tradici\u00f3n (glosas, f\u00e1bulas y cuentos; pero tambi\u00e9n fondos orales directos) para escribir canciones ya menudo podemos encontrar referencias tanto formales como estil\u00edsticas al folclore mallorqu\u00edn, como a las canciones recogidas por Rafel Ginard en el Cancionero Popular de Mallorca, por citar una obra capital.<\/p>\n","protected":false},"author":5,"featured_media":1097,"parent":706,"menu_order":0,"comment_status":"closed","ping_status":"closed","template":"page-template-blank.php","meta":{"_acf_changed":false,"_et_pb_use_builder":"on","_et_pb_old_content":"","_et_gb_content_width":"","footnotes":""},"categories":[16],"tags":[],"class_list":["post-1422","page","type-page","status-publish","has-post-thumbnail","hentry","category-catalogo-exclusivas"],"acf":[],"_links":{"self":[{"href":"https:\/\/www.manangelment.com\/es\/wp-json\/wp\/v2\/pages\/1422","targetHints":{"allow":["GET"]}}],"collection":[{"href":"https:\/\/www.manangelment.com\/es\/wp-json\/wp\/v2\/pages"}],"about":[{"href":"https:\/\/www.manangelment.com\/es\/wp-json\/wp\/v2\/types\/page"}],"author":[{"embeddable":true,"href":"https:\/\/www.manangelment.com\/es\/wp-json\/wp\/v2\/users\/5"}],"replies":[{"embeddable":true,"href":"https:\/\/www.manangelment.com\/es\/wp-json\/wp\/v2\/comments?post=1422"}],"version-history":[{"count":18,"href":"https:\/\/www.manangelment.com\/es\/wp-json\/wp\/v2\/pages\/1422\/revisions"}],"predecessor-version":[{"id":1653,"href":"https:\/\/www.manangelment.com\/es\/wp-json\/wp\/v2\/pages\/1422\/revisions\/1653"}],"up":[{"embeddable":true,"href":"https:\/\/www.manangelment.com\/es\/wp-json\/wp\/v2\/pages\/706"}],"wp:featuredmedia":[{"embeddable":true,"href":"https:\/\/www.manangelment.com\/es\/wp-json\/wp\/v2\/media\/1097"}],"wp:attachment":[{"href":"https:\/\/www.manangelment.com\/es\/wp-json\/wp\/v2\/media?parent=1422"}],"wp:term":[{"taxonomy":"category","embeddable":true,"href":"https:\/\/www.manangelment.com\/es\/wp-json\/wp\/v2\/categories?post=1422"},{"taxonomy":"post_tag","embeddable":true,"href":"https:\/\/www.manangelment.com\/es\/wp-json\/wp\/v2\/tags?post=1422"}],"curies":[{"name":"wp","href":"https:\/\/api.w.org\/{rel}","templated":true}]}}